{"id":491,"date":"2018-03-30T08:59:38","date_gmt":"2018-03-30T08:59:38","guid":{"rendered":"http:\/\/galtholmenmc.se\/?page_id=491"},"modified":"2018-03-30T12:47:43","modified_gmt":"2018-03-30T12:47:43","slug":"del-9","status":"publish","type":"page","link":"https:\/\/galtholmenmc.se\/?page_id=491","title":{"rendered":"Del 9"},"content":{"rendered":"<p>Den 19\/5 var det dags att skriva in sig p\u00e5 Uppsala avd 78 f\u00f6r en behandling som jag egentligen inte visste vad den skulle vara bra f\u00f6r.<br \/>\nFick f\u00f6rklarat f\u00f6r mig att jag skulle genomg\u00e5 en behandling samma som de som har en hj\u00e4rntum\u00f6r genomg\u00e5r. Allt f\u00f6r att inte tum\u00f6ren skulle komma tillbaka och vandra upp i hj\u00e4rnan som var vanligt. Det fick jag h\u00f6ra av en annan patient i Uppsala som blev botad ifr\u00e5n cancer i januari och i mars hade han en hj\u00e4rntum\u00f6r. Inte vad man ville h\u00f6ra n\u00e4r man l\u00e5g d\u00e4r och gick igenom behandlingen men t\u00e4nkte att det kanske \u00e4r d\u00e4rf\u00f6r jag g\u00f6r detta, n\u00e5got m\u00e5ste de ha l\u00e4rt sig att flera f\u00e5tt hj\u00e4rntum\u00f6r efter tum\u00f6rer i ryggraden.<\/p>\n<p>Sj\u00e4lva avdelningen och rummet d\u00e4r jag l\u00e5g ihop med 3 stycken andra herrar var inte rustat p\u00e5 s\u00e4kert 30 \u00e5r ( om det r\u00e4cker ). Toaletten p\u00e5 rummet var s\u00e5 litet att n\u00e4r jag rullade in med rullstolen s\u00e5 fick jag lov att f\u00f6rs\u00f6ka st\u00e4lla mig upp, vrida p\u00e5 mina ben s\u00e5 gott det gick, s\u00e4tta mig ner, sedan stod rullstolen i v\u00e4gen f\u00f6r mina ben n\u00e4r jag satt s\u00e5 jag var tvungen att flytta den lite ut\u00e5t mot d\u00f6rren. Problemet var ju att d\u00f6rren gick ju inte att st\u00e4nga pga rullstolen stod i d\u00f6rr\u00f6ppningen!!!<br \/>\nP\u00e5pekade det f\u00f6r en sk\u00f6terska som f\u00f6rstod vad jag menade men hon kunde inte g\u00f6ra n\u00e5got, men som tur var hade jag en st\u00f6rre toalett i duschrummet mitt emot mitt rum.<br \/>\nDet var ju inte bara att rulla in d\u00e4r och v\u00e4nda och sl\u00e5 sig ner. Fick \u00f6ppna d\u00f6rren sedan backa in 4 meter, om jag hade tur s\u00e5 stod inte den liggande duschs\u00e4ngen utf\u00e4lld och att den som varit d\u00e4r innan tagit undan skenorna som l\u00e5g p\u00e5 golvet s\u00e5 inte vattnet skulle rinna ut. Det kan jag s\u00e4ga att det inte var ofta det var bortplockat. Utan det var bara att s\u00e4ga till en sk\u00f6terska om hj\u00e4lp s\u00e5 jag kunde komma in p\u00e5 toan.<br \/>\nTr\u00e5ngt i korridoren n\u00e4r man skulle rulla fr\u00e5n matsalen\/tvrummet. Sk\u00f6terskorna satt d\u00e4r och jobbade, det var en massa andra saker d\u00e4r s\u00e5 man kunde inte m\u00f6tas d\u00e4r i bredd.<\/p>\n<p>Sj\u00e4lva behandlingen var inte speciellt jobbigt tyckte jag.<br \/>\nEfter 24 timmar s\u00e5 fick jag en till behandling som stoppade den f\u00f6rra och nu skulle min kropp f\u00f6rs\u00f6ka att f\u00e5 den f\u00f6rsta att f\u00f6rsvinna ur kroppen p\u00e5 ca 72 timmar innan jag fick \u00e5ka hem och var klar med sista Cytostatikabehandligen!!<br \/>\nEfter det s\u00e5 fick jag inte f\u00e5 dricka eller \u00e4ta n\u00e5got med C-vitamin i sig. Bara f\u00f6r att min urin inte fick blir f\u00f6r sur d\u00e5 blev det en dos med n\u00e5got som jag inte vet exakt vad det var men det neutraliserade urinet. Fick lov att dricka v\u00e4ldigt mycket.<br \/>\nInte s\u00e5 kul att kissa hela tiden n\u00e4r man inte kan G\u00c5 p\u00e5 toan utan snabbt i s\u00e4ngen och ta fram en kissflaska och ge till sk\u00f6terskorna som analyserade det och talade f\u00f6rhoppningsvis om att allt s\u00e5g bra ut. Ibland s\u00e5 var det bra och ibland s\u00e5 var det f\u00f6r surt&#8230; I alla fall s\u00e5 tog det ca 60 timmar innan det var bra f\u00f6r mig. Fredagen den 23 maj s\u00e5 var jag \u00e4ntligen klar med cellgifterna..<\/p>\n<p>Nu var det bara att boka in 15 n\u00e4tter till i juni n\u00e4r jag ska tillbaka och g\u00f6ra en str\u00e5lbehandligen p\u00e5 samma st\u00e4lle. K\u00e4ndes inte s\u00e5 kul att vara d\u00e4r i 3 veckor till men hur jobbigt skulle det inte vara att \u00e5ka en buss varje dag. Kl 8 ifr\u00e5n Avesta och tillbaka vid 14.30 tiden har jag f\u00f6r mig att det var. Skulle inte g\u00e5 att ta sig in med rullstol s\u00e5 bra fick jag f\u00f6rklarat f\u00f6r mig av n\u00e5gra som \u00e5kte denna buss varje dag i 5 veckor n\u00e4r det str\u00e5lades f\u00f6r prostatatum\u00f6r.<br \/>\nS\u00e5 vi kom \u00f6verens att jag skulle f\u00e5 bo kvar p\u00e5 avdelningen och f\u00e5 permission \u00f6ver helgerna.<\/p>\n<p>Fick komma ner till Str\u00e5lningsavdelningen och bli tatuerad p\u00e5 gammalt hederligt s\u00e4tt p\u00e5 sidorna och br\u00f6stet, med n\u00e5l och tusch s\u00e5 m\u00e4rkte de var str\u00e5len skulle f\u00f6rg\u00f6ra allt som eventuellt vara kvar av tum\u00f6ren.<\/p>\n<p>Sedan var det bara hemresan med en sjuktransport som var helt ny och \u00e5t helvete f\u00f6r liten att ta 2 st liggande patienter. Jag fick ligga med mitt h\u00f6ger ben rakt och v\u00e4nsterbenet b\u00f6jt pga en fastmonterad passagerarstol som inte gick att rubba!! Inte l\u00e4tt att ligga s\u00e5 n\u00e4r man inte har full kontroll p\u00e5 benen och ifr\u00e5n Uppsala ca 1,5 timmes resa. Naturligtvis s\u00e5 blev man kissn\u00f6dig i bussen och bara f\u00f6rs\u00f6ka att ta fram kissflaskan och dra ner byxorna. Gick men inte s\u00e5 l\u00e4tt. FAN vad jag tycker detta \u00e4r s\u00e5 jobbigt, ingenting \u00e4r att BARA g\u00f6ra&#8230;<\/p>\n<p><img loading=\"lazy\" decoding=\"async\" class=\"alignnone wp-image-571 size-full\" src=\"http:\/\/galtholmenmc.se\/wp-content\/uploads\/2018\/03\/Strand27.jpg\" alt=\"\" width=\"446\" height=\"480\" srcset=\"https:\/\/galtholmenmc.se\/wp-content\/uploads\/2018\/03\/Strand27.jpg 446w, https:\/\/galtholmenmc.se\/wp-content\/uploads\/2018\/03\/Strand27-279x300.jpg 279w\" sizes=\"auto, (max-width: 446px) 100vw, 446px\" \/><br \/>\nSk\u00f6nt att vara hemma mellan behandlingarna!<\/p>\n<p>Den 9 juni skulle jag vara tillbaka och b\u00f6rja med str\u00e5lningen. Fick ett besked att maskinen var trasig och jag kunde komma ner till den 10 ist\u00e4llet. Jaja vad \u00e4r en dag extra t\u00e4nkte jag. Bara att gilla l\u00e4get.<br \/>\nV\u00e4l d\u00e4r s\u00e5 gick f\u00f6rsta str\u00e5lningen bra. Tog ca 10 minuter max att ligga d\u00e4r.<br \/>\nSedan tillbaka till rummet och g\u00f6ra typ ingenting till n\u00e4sta dag runt 11 n\u00e4r n\u00e4sta str\u00e5lning skulle ske.<br \/>\nTog sj\u00e4lvmant kontakt med en arbetsterapeut om att f\u00e5 g\u00f6ra n\u00e5got om dagarna n\u00e4r jag bara l\u00e5g d\u00e4r.<br \/>\nBer\u00e4ttade att jag hade haft \u00e4ran att f\u00e5 v\u00e4va en l\u00f6pare (duk) p\u00e5 ca 1.60 meter under tiden i Falun som hade varit b\u00e5de jobbigt och stimulerande f\u00f6r mina ben och h\u00e4nder.<br \/>\nS\u00e5 nu vill jag g\u00f6ra n\u00e5got s\u00e5 tiden gick lite snabbare. Fick komma dit och de visade vad man kunde f\u00e5 g\u00f6ra.<br \/>\nUnder tiden jag var d\u00e4r s\u00e5 fl\u00e4tade jag ett armband av l\u00e4der med fiskfl\u00e4te metoden, gjorde en sk\u00e5l av keramik, f\u00e4rgade en sidenhalsduk \u00e5t min fru plus lite andra sm\u00e5 saker. Inte s\u00e5 manligt kanske men tiden gick lite snabbare under den tiden i alla fall.<\/p>\n<p>Under tiden som jag bara fick str\u00e5lning s\u00e5 kom b\u00e5de h\u00e5ret tillbaka och \u00e4ven sk\u00e4ggv\u00e4xten tillbaka. Inte rakat mig sedan februari s\u00e5 nu var mustaschen v\u00e4ldigt fjunig precis som den var n\u00e4r man f\u00f6rst fick mustasch och sk\u00e4gg vid 16 \u00e5rs \u00e5lder. N\u00e4r jag rakade av mig den s\u00e5 kom det betydligt gr\u00f6vre str\u00e5n ut denna g\u00e5ng. Sparade ut igen sedan rakade mig s\u00e5 fick jag ingen mustasch alls n\u00e4r det v\u00e4xte ut! G\u00e5ngen efter det s\u00e5 var det tv\u00e4rtom, inget sk\u00e4gg p\u00e5 sidorna bara mustasch och p\u00e5 hakan&#8230;<\/p>\n<p><img loading=\"lazy\" decoding=\"async\" class=\"alignnone wp-image-569 size-full\" src=\"http:\/\/galtholmenmc.se\/wp-content\/uploads\/2018\/03\/Strand28.jpg\" alt=\"\" width=\"360\" height=\"480\" srcset=\"https:\/\/galtholmenmc.se\/wp-content\/uploads\/2018\/03\/Strand28.jpg 360w, https:\/\/galtholmenmc.se\/wp-content\/uploads\/2018\/03\/Strand28-225x300.jpg 225w\" sizes=\"auto, (max-width: 360px) 100vw, 360px\" \/><br \/>\nMoppemusche deluxe vid 45 \u00e5rs \u00e5lder!<\/p>\n<p>Gjorde 15 str\u00e5lningar och blev klar den 1 juli. \u00d6verl\u00e4karen sade att jag d\u00e5 var f\u00e4rdigbehandlad och allt hade g\u00e5tt s\u00e5 bra under hela tiden, ifr\u00e5n f\u00f6rsta cellgiftsbehandligen till sista str\u00e5lningen. Det han och andra l\u00e4karen beklagade sig \u00f6ver bara \u00e4r att jag inte kom in i tid och hade troligen sluppit att sitta i rullstolen, inget de lovade men som sagt troligen.<br \/>\nF\u00f6r f\u00f6rsta g\u00e5ngen fick jag h\u00f6ra orden som jag s\u00e5 g\u00e4rna velat h\u00f6ra en l\u00e5ng tid att jag skulle bli en g\u00e5ngare igen, kanske inte v\u00e4rldens b\u00e4sta men en G\u00c5NGARE!!!!<\/p>\n<p>Det var med en sk\u00f6n k\u00e4nsla jag \u00e5kte hem denna g\u00e5ng ifr\u00e5n Uppsala och r\u00e4knade ut att jag tillbringat 121 n\u00e4tter utav 153 n\u00e4tter i en sjukhuss\u00e4ng.<\/p>\n<p>Nu var det bara att f\u00f6rs\u00f6ka komma tillbaka till ett normalt liv igen, med tr\u00e4ning, jobb och att umg\u00e5s med familj och v\u00e4nner.<\/p>\n<p><img loading=\"lazy\" decoding=\"async\" class=\"alignnone wp-image-570 size-full\" src=\"http:\/\/galtholmenmc.se\/wp-content\/uploads\/2018\/03\/Strand29.jpg\" alt=\"\" width=\"360\" height=\"480\" srcset=\"https:\/\/galtholmenmc.se\/wp-content\/uploads\/2018\/03\/Strand29.jpg 360w, https:\/\/galtholmenmc.se\/wp-content\/uploads\/2018\/03\/Strand29-225x300.jpg 225w\" sizes=\"auto, (max-width: 360px) 100vw, 360px\" \/><br \/>\n\u00c4ntligen hemma f\u00f6r gott!!!<\/p>\n","protected":false},"excerpt":{"rendered":"<p>Den 19\/5 var det dags att skriva in sig p\u00e5 Uppsala avd 78 f\u00f6r en behandling som jag egentligen inte visste vad den skulle vara bra f\u00f6r. Fick f\u00f6rklarat f\u00f6r mig att jag skulle genomg\u00e5 en behandling samma som de som har en hj\u00e4rntum\u00f6r genomg\u00e5r. Allt f\u00f6r att inte tum\u00f6ren skulle komma tillbaka och vandra [&hellip;]<\/p>\n","protected":false},"author":1,"featured_media":0,"parent":0,"menu_order":0,"comment_status":"closed","ping_status":"closed","template":"","meta":{"footnotes":""},"class_list":["post-491","page","type-page","status-publish","hentry"],"_links":{"self":[{"href":"https:\/\/galtholmenmc.se\/index.php?rest_route=\/wp\/v2\/pages\/491","targetHints":{"allow":["GET"]}}],"collection":[{"href":"https:\/\/galtholmenmc.se\/index.php?rest_route=\/wp\/v2\/pages"}],"about":[{"href":"https:\/\/galtholmenmc.se\/index.php?rest_route=\/wp\/v2\/types\/page"}],"author":[{"embeddable":true,"href":"https:\/\/galtholmenmc.se\/index.php?rest_route=\/wp\/v2\/users\/1"}],"replies":[{"embeddable":true,"href":"https:\/\/galtholmenmc.se\/index.php?rest_route=%2Fwp%2Fv2%2Fcomments&post=491"}],"version-history":[{"count":3,"href":"https:\/\/galtholmenmc.se\/index.php?rest_route=\/wp\/v2\/pages\/491\/revisions"}],"predecessor-version":[{"id":572,"href":"https:\/\/galtholmenmc.se\/index.php?rest_route=\/wp\/v2\/pages\/491\/revisions\/572"}],"wp:attachment":[{"href":"https:\/\/galtholmenmc.se\/index.php?rest_route=%2Fwp%2Fv2%2Fmedia&parent=491"}],"curies":[{"name":"wp","href":"https:\/\/api.w.org\/{rel}","templated":true}]}}