{"id":489,"date":"2018-03-30T08:59:38","date_gmt":"2018-03-30T08:59:38","guid":{"rendered":"http:\/\/galtholmenmc.se\/?page_id=489"},"modified":"2018-03-30T12:40:30","modified_gmt":"2018-03-30T12:40:30","slug":"del-7","status":"publish","type":"page","link":"https:\/\/galtholmenmc.se\/?page_id=489","title":{"rendered":"Del 7"},"content":{"rendered":"<p>Nu ska jag f\u00e5 \u00e5ka hem p\u00e5 permission \u00e4r det t\u00e4nkt. F\u00f6rst s\u00e5 m\u00e5ste sjukgymnast och arbetsterapeuten \u00e5ka med hem och titta vad som m\u00e5ste g\u00f6ras innan jag f\u00e5r \u00e5ka hem. M\u00e5ndagen den 7 april \u00e4r tanken att vi ska \u00e5ka hem. F\u00f6rsta g\u00e5ngen jag kommer att sitta i en bil p\u00e5 \u00f6ver 4 m\u00e5nader och \u00e5ka i en dryg timme.<\/p>\n<p>P\u00e5 morgonen ringer Monika och s\u00e4ger att Liam tyv\u00e4rr har varit magsjuk hela natten och morgonen, talar om det f\u00f6r sjukgymnasten och hon tycker att vi st\u00e4ller in bes\u00f6ket och tar det n\u00e4sta m\u00e5ndag ist\u00e4llet&#8230; Jaja det \u00e4r ju bara att h\u00e5lla med och h\u00e5lla ut en vecka till.<\/p>\n<p>Sjukgymnastiken g\u00e5r bra och studenten k\u00f6r verkligen med mig, inget ont om det, k\u00e4nns bara bra att f\u00e5 bli svettig och slut i kroppen p\u00e5 r\u00e4tt s\u00e4tt.<br \/>\nF\u00e5r veta att Galtholmen t\u00e4nkte komma upp och vi ska ut och \u00e4ta p\u00e5 O\u00b4Learys i Falun. Gud vad roligt t\u00e4nkte jag, men sedan kom \u00e5ngesten. Hur i helvete ska jag kunna vara ute bland folk i rullstol, ser ut som en riktigt cancerpatient utan h\u00e5r p\u00e5 huvudet och allm\u00e4nt gr\u00e5.. F\u00f6rst t\u00e4nkte jag tacka nej till det hela p\u00e5 grund av att jag inte ville visa mig ute bland folk. N\u00e4r jag ber\u00e4ttade att det var t\u00e4nkt att jag skulle ut och \u00e4ta tyckte alla sk\u00f6terskor att det ju var en j\u00e4ttebra id\u00e9. S\u00e5 jag sa inget till klubben. Det var n\u00e4stan alla som d\u00f6k upp och vi \u00e5kte ner i v\u00e5ran s\u00e5 fina \u201d b\u00e4rplockarbil \u201d med rullstolsramp d\u00e4r bak, vilket bra k\u00f6p Stenman!! just d\u00e5 i alla fall. Det var helt suver\u00e4nt kul och gott att \u00e4ta ute p\u00e5 restaurang igen. Kul att f\u00e5 tr\u00e4ffa alla underbara v\u00e4nner igen, detta levde jag p\u00e5 l\u00e4nge.<\/p>\n<p><img loading=\"lazy\" decoding=\"async\" class=\"alignnone wp-image-559 size-full\" src=\"http:\/\/galtholmenmc.se\/wp-content\/uploads\/2018\/03\/Strand21.jpg\" alt=\"\" width=\"480\" height=\"360\" srcset=\"https:\/\/galtholmenmc.se\/wp-content\/uploads\/2018\/03\/Strand21.jpg 480w, https:\/\/galtholmenmc.se\/wp-content\/uploads\/2018\/03\/Strand21-300x225.jpg 300w\" sizes=\"auto, (max-width: 480px) 100vw, 480px\" \/><br \/>\nGaltholmen Mc p\u00e5 Ol\u00e9arys i Falun!<\/p>\n<p>Nu blev det hemf\u00e4rd och genomg\u00e5ng av huset. Det mesta s\u00e5g riktigt bra ute tyckte de, en ramp in p\u00e5 toaletten vore ju inte fel s\u00e5 det fixade farsan under veckan s\u00e5 jag kunde f\u00e5 \u00e5ka hem p\u00e5 sk\u00e4rtorsdagen.<br \/>\nEnda problemet som jag s\u00e5g det var att komma in i huset men det fixades med ett par ramper som jag fick l\u00e5na fr\u00e5n Falun.<\/p>\n<p>P\u00e5 onsdagen s\u00e5 fick jag min femte cytostatikabehandlig. D\u00e5 kom jag p\u00e5 ett problem till, en massa sprutor som skulle tas och blodsockret skulle ju kollas flera g\u00e5nger om dagen. Jag som inte kan ta sprutan i magen p\u00e5 mig sj\u00e4lv och s\u00e5 det kunde ju bli flera om dagen, vita blodkroppssprutan och insulinsprutan. Vet ju att mitt blodsocker sticker i v\u00e4g p\u00e5 grund av all kortison som jag m\u00e5ste ta under behandligen.<\/p>\n<p>F\u00e5r komma hem p\u00e5 sk\u00e4rtordagen och hemma till annandag p\u00e5sk.. helt underbar k\u00e4nsla att f\u00e5 vara hemma.<br \/>\nP\u00e5 morgonen f\u00f6rsta dagen hemma s\u00e5 lade jag upp alla mediciner jag skulle ta denna morgonen. 19 st!! och en spruta. Cellgiftstabletterna fick ingen annan \u00e4n jag ens r\u00f6ra!! Lika p\u00e5 sjukhuset n\u00e4r jag tog dem dagarna efter behandlingen.<br \/>\nMen kan s\u00e4ga att det var bland det jobbigaste jag gjort ox\u00e5, det var ju inte bara att rulla in p\u00e5 toan som p\u00e5 56an. Nu var det ramp, tr\u00e5ngt och inte s\u00e5 l\u00e4tt att flytta \u00f6ver sig till toan. Efter ett par ggr s\u00e5 gick det. Tr\u00e5ngt att komma till k\u00f6ket, tr\u00e5ngt i sovrummet, sv\u00e5rt att ta sig ner i soffan och f\u00f6r inte att tala om att ta sig tillbaka i rullstolen.<\/p>\n<p>P\u00e5 p\u00e5skafton var det familjedag och p\u00e5skmiddag p\u00e5 klubben, tyv\u00e4rr s\u00e5 kunde jag inte delta f\u00f6r att jag skulle tr\u00e4ffa mina br\u00f6der och \u00e4ta lite gott.<br \/>\nDet var precis detta jag blev varnad f\u00f6r.. v\u00e5ga s\u00e4ga nej men det \u00e4r ju inte det l\u00e4ttaste n\u00e4r man inte varit hemma p\u00e5 3 m\u00e5nader. Hur som helst s\u00e5 gick det klart \u00f6ver f\u00f6rv\u00e4ntningarna. Ett problem som jag s\u00e5g var ju \u00e4ven detta med toalettbes\u00f6ken. Jag hade en s\u00e5 kallad uridom och en p\u00e5se p\u00e5 benet. Alla st\u00e4llen \u00e4r ju inte direkt anpassade f\u00f6r en rullstolsburen. Men det gick s\u00e5 bra s\u00e5. Kom hem vid 23 tiden och skulle kolla blodsockret innan jag gick till s\u00e4ngs. 25 blev det och det k\u00e4ndes ju inte bra direkt. Tur att man har s\u00e5 sn\u00e4ll fru s\u00e5 hon fick ge mig insulinsprutan i magen d\u00e5. Morgonen efter s\u00e5 var v\u00e4rdet nere p\u00e5 7 igen. P\u00e5skdagen var det bara att ta det lugnt och bara njuta av att vara i hemmets lugnets vr\u00e5.<\/p>\n<p><img loading=\"lazy\" decoding=\"async\" class=\"alignnone wp-image-560 size-full\" src=\"http:\/\/galtholmenmc.se\/wp-content\/uploads\/2018\/03\/Strand22.jpg\" alt=\"\" width=\"360\" height=\"480\" srcset=\"https:\/\/galtholmenmc.se\/wp-content\/uploads\/2018\/03\/Strand22.jpg 360w, https:\/\/galtholmenmc.se\/wp-content\/uploads\/2018\/03\/Strand22-225x300.jpg 225w\" sizes=\"auto, (max-width: 360px) 100vw, 360px\" \/><br \/>\nHemma med Nova!<\/p>\n<p>P\u00e5 m\u00e5ndagen kom sjuktransporten och h\u00e4mtade mig, lite jobbigt att \u00e5ka bil men det gick bra.<br \/>\nK\u00e4nde mig inte s\u00e5 pigg n\u00e4r jag kom upp till Falun s\u00e5 p\u00e5pekade det till sk\u00f6terskan, k\u00e4nde mig precis som n\u00e4r jag hade d\u00e5lig blodv\u00e4rde.<br \/>\nVi f\u00e5r se till att ta prover p\u00e5 dig, sa hon. Men inget h\u00e4nde den dagen s\u00e5 det blev provtagning p\u00e5 morgonen och n\u00e4r svaren kom s\u00e5 var jag inte f\u00f6rv\u00e5nad att blodv\u00e4rdet var l\u00e5gt igen. Skulle f\u00e5 blod p\u00e5 eftermiddagen sedan men inget h\u00e4nde och de skyllde p\u00e5 skiftbyte och lite annat. N\u00e4r klockan var 20 s\u00e5 best\u00e4mdes det att jag skulle f\u00e5 blod till natten som sist s\u00e5. Att ligga hela dagen och m\u00e5 allm\u00e4nt d\u00e5ligt \u00e4r inte kul.<\/p>\n<p>Men dagen efter\u00e5t s\u00e5 var livet p\u00e5 topp igen!!!<br \/>\nNytt tr\u00e4ningsschema och det var h\u00e5rdk\u00f6rning hela veckan, varf\u00f6r ta det lugnt!! Det kan man ju g\u00f6ra n\u00e4r man blir pension\u00e4r har jag h\u00f6rt i alla fall.<\/p>\n<p><img loading=\"lazy\" decoding=\"async\" class=\"alignnone wp-image-561 size-full\" src=\"http:\/\/galtholmenmc.se\/wp-content\/uploads\/2018\/03\/Strand23.jpg\" alt=\"\" width=\"480\" height=\"360\" srcset=\"https:\/\/galtholmenmc.se\/wp-content\/uploads\/2018\/03\/Strand23.jpg 480w, https:\/\/galtholmenmc.se\/wp-content\/uploads\/2018\/03\/Strand23-300x225.jpg 300w\" sizes=\"auto, (max-width: 480px) 100vw, 480px\" \/><br \/>\nSchema f\u00f6r vecka 17. Inget vilohem f\u00f6r en f\u00f6rlamad cancerpatient!<\/p>\n<p>Forts\u00e4ttning f\u00f6ljer&#8230;<\/p>\n","protected":false},"excerpt":{"rendered":"<p>Nu ska jag f\u00e5 \u00e5ka hem p\u00e5 permission \u00e4r det t\u00e4nkt. F\u00f6rst s\u00e5 m\u00e5ste sjukgymnast och arbetsterapeuten \u00e5ka med hem och titta vad som m\u00e5ste g\u00f6ras innan jag f\u00e5r \u00e5ka hem. M\u00e5ndagen den 7 april \u00e4r tanken att vi ska \u00e5ka hem. F\u00f6rsta g\u00e5ngen jag kommer att sitta i en bil p\u00e5 \u00f6ver 4 m\u00e5nader [&hellip;]<\/p>\n","protected":false},"author":1,"featured_media":0,"parent":0,"menu_order":0,"comment_status":"closed","ping_status":"closed","template":"","meta":{"footnotes":""},"class_list":["post-489","page","type-page","status-publish","hentry"],"_links":{"self":[{"href":"https:\/\/galtholmenmc.se\/index.php?rest_route=\/wp\/v2\/pages\/489","targetHints":{"allow":["GET"]}}],"collection":[{"href":"https:\/\/galtholmenmc.se\/index.php?rest_route=\/wp\/v2\/pages"}],"about":[{"href":"https:\/\/galtholmenmc.se\/index.php?rest_route=\/wp\/v2\/types\/page"}],"author":[{"embeddable":true,"href":"https:\/\/galtholmenmc.se\/index.php?rest_route=\/wp\/v2\/users\/1"}],"replies":[{"embeddable":true,"href":"https:\/\/galtholmenmc.se\/index.php?rest_route=%2Fwp%2Fv2%2Fcomments&post=489"}],"version-history":[{"count":3,"href":"https:\/\/galtholmenmc.se\/index.php?rest_route=\/wp\/v2\/pages\/489\/revisions"}],"predecessor-version":[{"id":562,"href":"https:\/\/galtholmenmc.se\/index.php?rest_route=\/wp\/v2\/pages\/489\/revisions\/562"}],"wp:attachment":[{"href":"https:\/\/galtholmenmc.se\/index.php?rest_route=%2Fwp%2Fv2%2Fmedia&parent=489"}],"curies":[{"name":"wp","href":"https:\/\/api.w.org\/{rel}","templated":true}]}}