{"id":488,"date":"2018-03-30T08:59:38","date_gmt":"2018-03-30T08:59:38","guid":{"rendered":"http:\/\/galtholmenmc.se\/?page_id=488"},"modified":"2018-03-30T09:22:48","modified_gmt":"2018-03-30T09:22:48","slug":"del-6","status":"publish","type":"page","link":"https:\/\/galtholmenmc.se\/?page_id=488","title":{"rendered":"Del 6"},"content":{"rendered":"<p>Fick ett eget rum med tv n\u00e4r jag kom dit p\u00e5 torsdagseftermiddagen. Fick mest ta det lugnt och bli presenterad av personalen och lite p\u00e5 avdelningen. Middagen serverades i dagrummet s\u00e5 jag fick hj\u00e4lp med min otroligt stora rullstol fick jag h\u00f6ra.<br \/>\n&#8211; Den d\u00e4r kan du ju inte ha kvar! Du m\u00e5ste ju kunna r\u00f6ra p\u00e5 dig i den ox\u00e5.<br \/>\nSatt och \u00e5t och tittade lite p\u00e5 de andra som var d\u00e4r. Sade v\u00e4l inte s\u00e5 mycket. Alla som satt och \u00e5t hade ju civila kl\u00e4der p\u00e5 sig och d\u00e4r satt jag med sjukhuskl\u00e4der&#8230;<br \/>\nSedan var det kv\u00e4llsfika som vanligt kl 19.30. Te med sm\u00f6rg\u00e5s var det p\u00e5 menyn som vanligt h\u00f6ll jag p\u00e5 att s\u00e4ga&#8230;<\/p>\n<p>Somnade r\u00e4tt l\u00e4tt den natten, k\u00e4nde mig lugn nu n\u00e4r jag \u00e4ntligen var p\u00e5 plats d\u00e4r jag skulle f\u00e5 tr\u00e4na upp mig.<br \/>\nV\u00e4ckning kl 7 och d\u00e5 kom de in och tog prover som vanligt. Blodtryck, blodsockerv\u00e4rdet och tempen. Sedan sa undersk\u00f6terskan att frukosten \u00e4r klar i dagrummet.. Jaha t\u00e4nkte jag hur ska jag ta mig dit sj\u00e4lv?<br \/>\nMan blir ju inte frisk av att bara ligga h\u00e4r!!<br \/>\n&#8211; D\u00e5 m\u00e5ste jag nog ha hj\u00e4lp in dit och g\u00e4rna n\u00e5gon som hj\u00e4lper mig p\u00e5 med kl\u00e4derna.<br \/>\nH\u00e4r har man legat \u00f6ver 6 veckor och f\u00e5tt frukost p\u00e5 s\u00e4ngen och hj\u00e4lp med att tv\u00e4tta sig och f\u00e5 nya kl\u00e4der.<br \/>\nHon hj\u00e4lpte mig s\u00e5 g\u00e4rna och till slut s\u00e5 gled man in i rullstolen.<br \/>\nK\u00e4nde mig skapligt vilsen n\u00e4r jag nu rullade in i matsalen.. alla h\u00e4lsade och jag visste inte alls hur jag ska skulle f\u00e5 med mig maten..<br \/>\nTog mig fram och sk\u00f6terskan sa att det \u00e4r bara plocka p\u00e5 det du vill ha p\u00e5 en bricka. Aha var det inte sv\u00e5rare \u00e4n s\u00e5&#8230;<\/p>\n<p>Dagen gick och jag blev kontaktad av Sjukgymnast och fick visa ungef\u00e4r vad jag kunde.. Typ r\u00f6ra p\u00e5 benen, st\u00e4lla mig upp i g\u00e5bordet.<br \/>\nFram\u00e5t kv\u00e4llen s\u00e5 l\u00e5g jag i s\u00e4ngen och tittade p\u00e5 tv, r\u00e4tt s\u00e5 tr\u00f6tt.<br \/>\nFredagskv\u00e4llen till \u00e4ra s\u00e5 hade de grillat korv \u00e5t oss patienter!! Wow t\u00e4nkte jag. Inte limpmacka o te d\u00e5.. Det var helt suver\u00e4nt. Som jag saknade allt vad skr\u00e4pmat hette.<\/p>\n<p><img loading=\"lazy\" decoding=\"async\" class=\"alignnone wp-image-553 size-full\" src=\"http:\/\/galtholmenmc.se\/wp-content\/uploads\/2018\/03\/Strand18.jpg\" alt=\"\" width=\"319\" height=\"480\" srcset=\"https:\/\/galtholmenmc.se\/wp-content\/uploads\/2018\/03\/Strand18.jpg 319w, https:\/\/galtholmenmc.se\/wp-content\/uploads\/2018\/03\/Strand18-199x300.jpg 199w\" sizes=\"auto, (max-width: 319px) 100vw, 319px\" \/><br \/>\n\u00c4ntligen lite skr\u00e4pmat!<\/p>\n<p>Sedan blev det ju helg och ingen tr\u00e4ning utan den fick jag fint v\u00e4nta med till m\u00e5ndagen. Fick ett schema som det var tr\u00e4ning p\u00e5 morgonen, arbetstr\u00e4ning och sedan p\u00e5 eftermiddagen s\u00e5 var det tr\u00e4ning i grupp.<br \/>\nInte n\u00e5got vilohem direkt men s\u00e5 j\u00e4vla sk\u00f6nt att f\u00e5 tr\u00e4na. Enda som jag inte hade t\u00e4nkt p\u00e5 direkt var ju att jag hade f\u00e5tt en Cytostatikabehandling p\u00e5 onsdagen den 19\/3 och och det var den fj\u00e4rde i ordningen och f\u00f6r f\u00f6rsta g\u00e5ngen under alla behandlingar jag f\u00e5tt k\u00e4nde jag mig lite sliten&#8230;Man har ju h\u00f6rt att det \u00e4r S\u00c5 jobbigt att f\u00e5 cellgiftsbehandlig men jag hade ju inte k\u00e4nt n\u00e5got alls under de 3 tidigare. Inte m\u00e5tt illa, haft skapligt bra aptit, i alla fall \u00e4tit det mesta, n\u00e5got som jag inte kunde \u00e4ta nu var kokta gr\u00f6nsaker, har alltid gillat blomk\u00e5l, broccoli, \u00e4rtor, mor\u00f6tter m m. Men nu gick det inte alls, fick kv\u00e4ljningar n\u00e4r jag \u00e5t det, troligen en biverkning av medicin och Cyton. Fick \u00e4ven sv\u00e5rt att \u00e4ta kokt potatis&#8230;<\/p>\n<p>I alla fall den 24\/3 skulle jag \u00e4ntligen f\u00e5 tr\u00e4na. Vaknade med att jag fick frukost p\u00e5 s\u00e4ngen dagen till \u00e4ra..visst ja.. 46 \u00e5r blev jag ju nu. K\u00e4nde mig s\u00e5 gammal ocks\u00e5.<br \/>\nUnder dagen gick det tungt att tr\u00e4na och allt annat var jobbigt.<br \/>\nInnan middagen s\u00e5 kom en sk\u00f6terska och sa att mitt blodv\u00e4rde var v\u00e4ldigt l\u00e5gt.<br \/>\n&#8211; Hur l\u00e5gt, fr\u00e5gade jag?<br \/>\n&#8211; Du har 85, normalt f\u00f6r en vuxen man ska vara ungef\u00e4r 140 s\u00e5 du har v\u00e4ldigt l\u00e5gt, inte att undra p\u00e5 att du \u00e4r alldeles gr\u00e5 i ansiktet och inte orkat n\u00e5got idag..<br \/>\n&#8211; Du kommer att f\u00e5 tv\u00e5 p\u00e5sar blod till natten s\u00e5 ska du se att du blir pigg imorgon.<\/p>\n<p>De b\u00f6rjade med att ge mig blod vid 20 tiden och var klara med 2 p\u00e5sar till kl 4 ungef\u00e4r..kommer inte ih\u00e5g eftersom jag sov under tiden.<br \/>\nP\u00e5 morgonen var jag som en ny m\u00e4nniska. K\u00e4nde mig pigg som fan. Fick h\u00f6ra att jag hade bra f\u00e4rg i ansiktet nu. Nu f\u00f6rst\u00e5r jag detta med bloddoping&#8230;<br \/>\nSjukgymnasten tyckte det var en v\u00e4ldig skillnad p\u00e5 mig idag. Provade att g\u00e5 med g\u00e5bordet, klarade ca 10 meter. Sedan fick jag en riktigt massage och genomg\u00e5ng p\u00e5 benen.<\/p>\n<p>Dagarna gick snabbt nu n\u00e4r man fick g\u00f6ra n\u00e5got p\u00e5 dagarna och inte bara ligga och inte g\u00f6ra n\u00e5got f\u00f6rutom TV och iPad&#8230; Det var skapligt lugnt f\u00f6rsta veckan j\u00e4mf\u00f6rt med veckan efter. D\u00e5 skulle det \u00e4ven komma studenter ifr\u00e5n Sjukgymnastutbildningen i Uppsala. Jag hade ju s\u00e5 bra erfarenhet med studenten n\u00e4r jag l\u00e5g p\u00e5 Blod. Han ber\u00e4ttade att under de fyra veckor som han praktiserade d\u00e4r s\u00e5 s\u00e5g han vad jag hade utvecklas fr\u00e5n att jag l\u00e5g i s\u00e4ngen och knappt kunde r\u00f6ra p\u00e5 benen tills han gjorde sin sista dag, d\u00e5 kunde jag st\u00e5 upp i ett g\u00e5bord!<\/p>\n<p><img loading=\"lazy\" decoding=\"async\" class=\"alignnone wp-image-550 size-full\" src=\"http:\/\/galtholmenmc.se\/wp-content\/uploads\/2018\/03\/Strand19.jpg\" alt=\"\" width=\"480\" height=\"360\" srcset=\"https:\/\/galtholmenmc.se\/wp-content\/uploads\/2018\/03\/Strand19.jpg 480w, https:\/\/galtholmenmc.se\/wp-content\/uploads\/2018\/03\/Strand19-300x225.jpg 300w\" sizes=\"auto, (max-width: 480px) 100vw, 480px\" \/><br \/>\nTr\u00e4ningsschemat vecka 14.<\/p>\n<p>S\u00e5 n\u00e4r sjukgymnasten fr\u00e5gade om jag till\u00e4t dem att vara med s\u00e5 var mitt svar: sj\u00e4lvklart!! B\u00e4sta valet jag gjort p\u00e5 l\u00e4nge kan jag nu erk\u00e4nna.<br \/>\nDen veckan var \u00e4ven d\u00e5 min son Liam gjorde n\u00e5got som jag l\u00e4nge har velat g\u00f6ra men som aldrig blivit av&#8230; Han \u00e5kte till Liverpool och s\u00e5g p\u00e5 match d\u00e4r. Vi har pratat om att g\u00f6ra det han och jag men nu s\u00e5 blev det inte s\u00e5.. jag l\u00e5g tyv\u00e4rr p\u00e5 sjukhus och kunde inte ens ta mig fram f\u00f6r egen maskin. Inte avundsjuk alls&#8230;<\/p>\n<p><img loading=\"lazy\" decoding=\"async\" class=\"alignnone wp-image-551 size-full\" src=\"http:\/\/galtholmenmc.se\/wp-content\/uploads\/2018\/03\/Strand20.jpg\" alt=\"\" width=\"480\" height=\"480\" srcset=\"https:\/\/galtholmenmc.se\/wp-content\/uploads\/2018\/03\/Strand20.jpg 480w, https:\/\/galtholmenmc.se\/wp-content\/uploads\/2018\/03\/Strand20-150x150.jpg 150w, https:\/\/galtholmenmc.se\/wp-content\/uploads\/2018\/03\/Strand20-300x300.jpg 300w\" sizes=\"auto, (max-width: 480px) 100vw, 480px\" \/><br \/>\nThe Anfield.<\/p>\n<p>L\u00e4karen tyckte det var en j\u00e4ttebra motivation att han och jag ska ta oss dit och se en match tillsammans, lika som hon tyckte att jag absolut inte skulle s\u00e4lja min Harley om jag hade r\u00e5d att beh\u00e5lla den. Man f\u00e5r inte ta bort mor\u00f6tter h\u00e4r i livet, sade hon, man ska s\u00e4tta upp m\u00e5l i livet, speciellt efter en s\u00e5dan h\u00e4r grej som jag varit med om.<br \/>\nS\u00e5 n\u00e5gra l\u00e5ngsiktiga m\u00e5l som jag t\u00e4nkte p\u00e5 d\u00e5 var just att jag ska FAN \u00e5ka HD igen, kanske 2015 men f\u00f6rhoppningsvis 2016.<br \/>\n\u00c5ka till England och titta p\u00e5 fotboll \u00e4r ett till m\u00e5l.<\/p>\n<p><img loading=\"lazy\" decoding=\"async\" class=\"alignnone wp-image-552 size-full\" src=\"http:\/\/galtholmenmc.se\/wp-content\/uploads\/2018\/03\/Strand20.png\" alt=\"\" width=\"480\" height=\"270\" srcset=\"https:\/\/galtholmenmc.se\/wp-content\/uploads\/2018\/03\/Strand20.png 480w, https:\/\/galtholmenmc.se\/wp-content\/uploads\/2018\/03\/Strand20-300x169.png 300w\" sizes=\"auto, (max-width: 480px) 100vw, 480px\" \/><br \/>\nMIN!!<\/p>\n","protected":false},"excerpt":{"rendered":"<p>Fick ett eget rum med tv n\u00e4r jag kom dit p\u00e5 torsdagseftermiddagen. Fick mest ta det lugnt och bli presenterad av personalen och lite p\u00e5 avdelningen. Middagen serverades i dagrummet s\u00e5 jag fick hj\u00e4lp med min otroligt stora rullstol fick jag h\u00f6ra. &#8211; Den d\u00e4r kan du ju inte ha kvar! Du m\u00e5ste ju kunna [&hellip;]<\/p>\n","protected":false},"author":1,"featured_media":0,"parent":0,"menu_order":0,"comment_status":"closed","ping_status":"closed","template":"","meta":{"footnotes":""},"class_list":["post-488","page","type-page","status-publish","hentry"],"_links":{"self":[{"href":"https:\/\/galtholmenmc.se\/index.php?rest_route=\/wp\/v2\/pages\/488","targetHints":{"allow":["GET"]}}],"collection":[{"href":"https:\/\/galtholmenmc.se\/index.php?rest_route=\/wp\/v2\/pages"}],"about":[{"href":"https:\/\/galtholmenmc.se\/index.php?rest_route=\/wp\/v2\/types\/page"}],"author":[{"embeddable":true,"href":"https:\/\/galtholmenmc.se\/index.php?rest_route=\/wp\/v2\/users\/1"}],"replies":[{"embeddable":true,"href":"https:\/\/galtholmenmc.se\/index.php?rest_route=%2Fwp%2Fv2%2Fcomments&post=488"}],"version-history":[{"count":3,"href":"https:\/\/galtholmenmc.se\/index.php?rest_route=\/wp\/v2\/pages\/488\/revisions"}],"predecessor-version":[{"id":554,"href":"https:\/\/galtholmenmc.se\/index.php?rest_route=\/wp\/v2\/pages\/488\/revisions\/554"}],"wp:attachment":[{"href":"https:\/\/galtholmenmc.se\/index.php?rest_route=%2Fwp%2Fv2%2Fmedia&parent=488"}],"curies":[{"name":"wp","href":"https:\/\/api.w.org\/{rel}","templated":true}]}}