{"id":486,"date":"2018-03-30T08:59:38","date_gmt":"2018-03-30T08:59:38","guid":{"rendered":"http:\/\/galtholmenmc.se\/?page_id=486"},"modified":"2018-03-30T09:17:32","modified_gmt":"2018-03-30T09:17:32","slug":"del-5","status":"publish","type":"page","link":"https:\/\/galtholmenmc.se\/?page_id=486","title":{"rendered":"Del 5"},"content":{"rendered":"<p>Nu b\u00f6rjade det att bli l\u00e5ngtr\u00e5kigt&#8230; V\u00e4ckning kl 7. F\u00f6rst lite provtagning, blodtryck, temperatur och blodsockret. Det var d\u00e4r det b\u00f6rjade bli lite problem med sockret. Hade runt 8-9 p\u00e5 morgonen och det var v\u00e4l inte s\u00e5 h\u00f6gt men normalt \u00e4r runt 5. Jag fick kortison intraven\u00f6st n\u00e4r jag fick Cytostatika, kortison tabletter 4 dagar efter och sedan fick jag det varje dag mellan behandlingarna. Betapred som skulle sm\u00e4lta i vatten, 16 tabletter f\u00f6rst nu ca 3 veckor efter f\u00f6rsta behandlingen s\u00e5 var jag nere i 8 bara&#8230; Sockret kollades innan varje m\u00e5ltid och d\u00e5 b\u00f6rjade jag stiga s\u00e5 var uppe runt 12, inget de ville g\u00f6ra n\u00e5got \u00e5t men vi har koll sa de.<\/p>\n<p>8 dagar efter behandlingen fick jag \u00e4ven sprutor i magen. Vita blodkroppar som jag beh\u00f6vde fylla p\u00e5 med, p\u00e5 kv\u00e4llen fick jag \u00e4ven spruta mot eventuella blodproppar Fragminspruta, hela min mage var alldeles bl\u00e5 av alla sprutor. Efter tredje behandlingen s\u00e5 steg blodsockret rej\u00e4lt p\u00e5 kv\u00e4llen och det var upp i 21 och d\u00e5 best\u00e4mde de att jag skulle f\u00e5 insulinspruta varje g\u00e5ng jag hade \u00f6ver 10. Fr\u00e5gade om jag skulle t\u00e4nka p\u00e5 vad jag \u00e5t och drack men det beh\u00f6vde jag inte. Allt beror p\u00e5 kortisonet jag f\u00e5r i mig sa de. Jaha t\u00e4nkte jag och \u00e5t som vanligt och blodsockret var h\u00f6gt i 4 dagar efter den mest intensiva kortisonbehandlingen, efter det s\u00e5 sj\u00f6nk den till 5-8 p\u00e5 morgonen och till 8 &#8211; 10 p\u00e5 dagarna s\u00e5 jag slapp insulin&#8230; Fan ska man f\u00e5 diabetes nu ocks\u00e5 t\u00e4nkte jag&#8230;<\/p>\n<p>Det var \u00e4ven vid detta tillf\u00e4lle jag t\u00e4nkte att nu n\u00e4r jag \u00e4r en Cancerpatient s\u00e5 kan jag v\u00e4l se ut som en ocks\u00e5. Monika tog med min h\u00e5rtrimmer och vi skalade av allt, b\u00e5de h\u00e5ret p\u00e5 huvudet och sk\u00e4gg f\u00f6rsvann.<br \/>\nJag hade haft min sjukgymnast p\u00e5 f\u00f6rmiddagen och hon skulle komma tillbaka efter lunch f\u00f6r ett pass till. Jag var p\u00e5 toaletten n\u00e4r hon kom, Monika h\u00e4lsade att hon skulle \u00e5ka hem och att jag snart var klar s\u00e5 hon skulle komma tillbaka om 30 min.<br \/>\nN\u00e4r jag l\u00e5g i s\u00e4ngen och var klar ser jag att sjukgymnasten kommer in och tittar p\u00e5 mig, s\u00e4ger inget utan g\u00e5r ut igen. 30 sekunder senare \u00e4r hon tillbaka igen och tittar v\u00e4ldigt p\u00e5 mig och s\u00e4ger att hon trodde att hon g\u00e5tt in i fel rum! Jag ser 10 \u00e5r yngre ut sa hon nu n\u00e4r sk\u00e4gget och det stora h\u00e5ret var borta. Jag kunde ju bara skratta \u00e5t det&#8230;<\/p>\n<p><img loading=\"lazy\" decoding=\"async\" class=\"alignnone wp-image-545 size-full\" src=\"http:\/\/galtholmenmc.se\/wp-content\/uploads\/2018\/03\/Strand14.jpg\" alt=\"\" width=\"360\" height=\"480\" srcset=\"https:\/\/galtholmenmc.se\/wp-content\/uploads\/2018\/03\/Strand14.jpg 360w, https:\/\/galtholmenmc.se\/wp-content\/uploads\/2018\/03\/Strand14-225x300.jpg 225w\" sizes=\"auto, (max-width: 360px) 100vw, 360px\" \/><br \/>\nNyfriserad!<\/p>\n<p>Nu b\u00f6rjar det att bli s\u00e5 d\u00e4r l\u00e4nge sedan jag var p\u00e5 toan och gjorde nr 2 igen&#8230; Har g\u00e5tt 8 dagar sedan sist igen. Har rej\u00e4lt ont och \u00e4r s\u00e5 svullen i buken. K\u00e4nner med handen och det k\u00e4nns hur gaserna inte kommer ut heller. Eftersom jag \u00e4r mer eller mindre f\u00f6rlamad och musklerna har f\u00f6rtvinat s\u00e5 har ju skinkorna ramlat ner och t\u00e4pper igen&#8230;Har sv\u00e5rt att v\u00e4nda p\u00e5 mig o sl\u00e4ppa p\u00e5 trycket ocks\u00e5. Har haft bes\u00f6k under dagen och n\u00e4r de har g\u00e5tt hem s\u00e5 vill jag ha hj\u00e4lp. F\u00e5r Klyx ink\u00f6rt i rumpan men inget h\u00e4nder. Sjuksk\u00f6terskan tar kontakt med Akuten och vill att jag ska f\u00e5 en spruta f\u00f6r morfinmage. F\u00e5r \u00e4ven den men inget h\u00e4nder denna g\u00e5ng heller. K\u00e4nns som hela magen ska spricka p\u00e5 grund av alla gaser. D\u00e5 kommer en sk\u00f6terska som \u00e4r lite uppfinningsrik p\u00e5 en grej hon vill testa.<\/p>\n<p>Jag f\u00e5r l\u00e4gga mig p\u00e5 sidan s\u00e5 gott det g\u00e5r, med rumpan bar s\u00e5 vill hon stoppa in en l\u00e5ng smal tratt, ungef\u00e4r som en trumpet. Genom f\u00f6rstoppningen s\u00e5 luften kan komma ut. \u00c4r med p\u00e5 vad som helst kan jag enkelt s\u00e4ga. Den f\u00f6rs in och det kommer v\u00e4rldens trumpetljud ur den&#8230; Skapligt pinsamt d\u00e5 det \u00e4r 3 andra sk\u00f6terskor d\u00e4r inne ocks\u00e5.<br \/>\nMen jag riktigt k\u00e4nner hur magen sjunker ner. Det kommer mer efter det ocks\u00e5 men d\u00e5 \u00e4r jag sj\u00e4lv p\u00e5 rummet. Fan att det inte bara kan vara normalt. Dagen efter f\u00e5r jag komma in p\u00e5 toan och efter denna g\u00e5ng har det \u00e4ntligen kommit ig\u00e5ng med magen, inga stora problem efter detta \u00e4ventyr.<\/p>\n<p>Jag kom in p\u00e5 ortopedakuten v 6 och blir lovad att f\u00e5 komma till Rehabavdelningen v 9. L\u00e4karna vill att jag ska komma ig\u00e5ng med tr\u00e4ningen mer. Just nu f\u00e5r jag tr\u00e4ning i s\u00e4ngen med Sjukgymnasten och hon har med sig 2 st Sjukgymnastelever ifr\u00e5n Uppsala som f\u00e5r vara med och l\u00e4ra sig. Det blir inte s\u00e5 intensiv tr\u00e4ning men med tanke att jag inte kan r\u00f6ra s\u00e5 mycket p\u00e5 benen, s\u00e5 blir jag rej\u00e4lt tr\u00f6tt av att bara lyfta benen lite och b\u00f6ja benen. I b\u00f6rjan kan jag bara f\u00e5 upp v\u00e4nster ben helt, h\u00f6ger ben m\u00e5ste jag ha hj\u00e4lp med.<\/p>\n<p><img loading=\"lazy\" decoding=\"async\" class=\"alignnone wp-image-546 size-full\" src=\"http:\/\/galtholmenmc.se\/wp-content\/uploads\/2018\/03\/Strand15.jpg\" alt=\"\" width=\"360\" height=\"480\" srcset=\"https:\/\/galtholmenmc.se\/wp-content\/uploads\/2018\/03\/Strand15.jpg 360w, https:\/\/galtholmenmc.se\/wp-content\/uploads\/2018\/03\/Strand15-225x300.jpg 225w\" sizes=\"auto, (max-width: 360px) 100vw, 360px\" \/><br \/>\nTur att man har en s\u00e5dan underbar dotter! &lt;3<\/p>\n<p>Vissa dagar s\u00e5 kommer bara Eleverna och hj\u00e4lper mig, sjukgymnasten har hand om 2 avdelningar och hon hinner helt enkelt inte med att tr\u00e4na mig 2 g\u00e5nger per dag. Som tur f\u00e5r jag v\u00e4ldigt bra kontakt med en elev som heter Lars. Han f\u00e5r komma fast sjukgymnasten inte \u00e4r med p\u00e5 grund av att hon \u00e4r p\u00e5 m\u00f6te etc&#8230; Normalt s\u00e5 g\u00f6r man inte s\u00e5 men jag litade fullt p\u00e5 honom s\u00e5 jag kan nog tacka honom f\u00f6r att jag kom ig\u00e5ng s\u00e5 fort som jag gjorde. Vi k\u00f6rde r\u00e4tt h\u00e5rt de g\u00e5ngerna fast jag l\u00e5g i s\u00e4ngen bara. Under de 4 veckorna han var d\u00e4r fick han se mig b\u00f6rja r\u00f6ra p\u00e5 benen till att jag kunde st\u00e5 i ett g\u00e5bord av mig sj\u00e4lv.<\/p>\n<p>N\u00e4r vecka 9 kom s\u00e5 fick jag beskedet att jag inte kunde komma till Rehab \u00e4n p\u00e5 grund av att det var fullt \u00e4n. Fick ett nytt besked att tidigast i b\u00f6rjan p\u00e5 vecka 11 var det m\u00f6jligt att f\u00e5 komma dit. \u00d6verl\u00e4karen f\u00f6rs\u00f6kte att \u00f6vertala \u00f6verl\u00e4karen p\u00e5 Rehab att jag m\u00e5ste f\u00e5 komma dit och b\u00f6rja tr\u00e4na, de kan inte ge mig den tr\u00e4ning jag beh\u00f6ver.<br \/>\nHon f\u00f6rklarade f\u00f6r mig att musklerna f\u00f6rtvinar med ca 7 % i veckan om man bara ligger stilla, jag l\u00e5g stilla i s\u00e4ngen, p\u00e5 rygg i 6 veckor ungef\u00e4r sammanlagt om man inte r\u00e4knar med lyften till toaletten och till duschen, de f\u00e5 timmar jag tvingade mig att sitta i rullstolen och \u00e4ta lunch, middag ensam i matsalen, det var fullbelagt men inga som var ute i samlingsrummet och \u00e5t.<\/p>\n<p>Den enda jag hade lite kontakt med under 6 veckor och var patient var en 95 \u00e5rig tant som i och f\u00f6r sig var v\u00e4ldigt trevlig, problemet var ju att hon pratade om samma sak varje g\u00e5ng vi tr\u00e4ffades och \u00e5t mat tillsammans. Hon erk\u00e4nde att hon gl\u00f6mde bort saker och att det var s\u00e5 jobbigt att inte komma ih\u00e5g. Hon kunde inte f\u00f6rst\u00e5 hur de andra patienterna inte kunde sitta ute och \u00e4ta med oss. En del var ju s\u00e5 sjuka att de inte kunde men en del h\u00e4mtade maten sedan gick in p\u00e5 rummet. Lite tr\u00e5kigt att inte f\u00e5 prata med folk, sjuksk\u00f6terskorna hade aldrig tid att f\u00f6ra en konversation med en patient. I alla fall inte n\u00e5gon l\u00e4ngre s\u00e5dan.<\/p>\n<p>Vecka 11 b\u00f6rjade och d\u00e5 fick jag besked att jag i slutet av veckan troligen skulle f\u00e5 komma till Rehab&#8230; jo s\u00e4kert!!<br \/>\nMagsjukan b\u00f6rjade h\u00e4rja p\u00e5 avdelning och jag fick lite panik d\u00e5, hur i helvete ska jag hinna in p\u00e5 toa om det b\u00f6rja trycka p\u00e5 n\u00e4r man l\u00f6s i magen. Jag mer eller mindre v\u00e4grade \u00e5ka ut och \u00e4ta d\u00e5 de hade st\u00e4ngt tv\u00e5 rum d\u00e4r det l\u00e5g magsjuka patienter. Jag l\u00e5g p\u00e5 rum 1 och de sjuka l\u00e5g p\u00e5 rum 9 och 10 s\u00e5 en bit bort.<br \/>\nJag klarade mig helt och h\u00e5llet fast jag trodde fler g\u00e5nger att jag skulle \u00e5ka dit p\u00e5 det.<\/p>\n<p>P\u00e5 tordagen den 13 mars fick jag komma ut f\u00f6r f\u00f6rsta g\u00e5ngen sedan 6 februari. Monika och jag \u00e5kte ner och jag verkligen drog i mig luften, synd att r\u00f6krutan var bredvid bara men det sket jag i&#8230;<br \/>\nSedan fick jag bes\u00f6k av mina arbetskamrater som hade pizza med sig.. Junkfood!! Som jag hade l\u00e4ngtat efter onyttig mat. Sjukhusmat i 5 veckor. Smakade s\u00e5 gott som jag visste att det skulle g\u00f6ra.<\/p>\n<p><img loading=\"lazy\" decoding=\"async\" class=\"alignnone wp-image-543 size-full\" src=\"http:\/\/galtholmenmc.se\/wp-content\/uploads\/2018\/03\/Strand16.jpg\" alt=\"\" width=\"480\" height=\"480\" srcset=\"https:\/\/galtholmenmc.se\/wp-content\/uploads\/2018\/03\/Strand16.jpg 480w, https:\/\/galtholmenmc.se\/wp-content\/uploads\/2018\/03\/Strand16-150x150.jpg 150w, https:\/\/galtholmenmc.se\/wp-content\/uploads\/2018\/03\/Strand16-300x300.jpg 300w\" sizes=\"auto, (max-width: 480px) 100vw, 480px\" \/><br \/>\n&#8230;och en s\u00e5dan underbar fru! &lt;3<\/p>\n<p>Vecka 12 b\u00f6rjade och jag fick fortfarande inte komma ner till Rehab&#8230; B\u00f6rjade att misstro att jag inte skulle f\u00e5 komma dit \u00f6verhuvudtaget. P\u00e5 tisdagen den 18 mars s\u00e5 fick jag besked att den 20 skulle jag f\u00e5 komma till Rehab!!!<br \/>\nVilken l\u00e4ttnad n\u00e4r jag \u00e4ntligen fick f\u00f6rflyttningen dit den 20 mars p\u00e5 eftermiddagen!!<br \/>\nRyggen l\u00e4kte fint och det var ett problem mindre nu s\u00e5 jag kunde koncentrera mig p\u00e5 att tr\u00e4na bara.<\/p>\n<p><img loading=\"lazy\" decoding=\"async\" class=\"alignnone wp-image-544 size-full\" src=\"http:\/\/galtholmenmc.se\/wp-content\/uploads\/2018\/03\/Strand17.jpg\" alt=\"\" width=\"360\" height=\"480\" srcset=\"https:\/\/galtholmenmc.se\/wp-content\/uploads\/2018\/03\/Strand17.jpg 360w, https:\/\/galtholmenmc.se\/wp-content\/uploads\/2018\/03\/Strand17-225x300.jpg 225w\" sizes=\"auto, (max-width: 360px) 100vw, 360px\" \/><br \/>\nL\u00e4kt rygg!<\/p>\n","protected":false},"excerpt":{"rendered":"<p>Nu b\u00f6rjade det att bli l\u00e5ngtr\u00e5kigt&#8230; V\u00e4ckning kl 7. F\u00f6rst lite provtagning, blodtryck, temperatur och blodsockret. Det var d\u00e4r det b\u00f6rjade bli lite problem med sockret. Hade runt 8-9 p\u00e5 morgonen och det var v\u00e4l inte s\u00e5 h\u00f6gt men normalt \u00e4r runt 5. Jag fick kortison intraven\u00f6st n\u00e4r jag fick Cytostatika, kortison tabletter 4 dagar [&hellip;]<\/p>\n","protected":false},"author":1,"featured_media":0,"parent":0,"menu_order":0,"comment_status":"closed","ping_status":"closed","template":"","meta":{"footnotes":""},"class_list":["post-486","page","type-page","status-publish","hentry"],"_links":{"self":[{"href":"https:\/\/galtholmenmc.se\/index.php?rest_route=\/wp\/v2\/pages\/486","targetHints":{"allow":["GET"]}}],"collection":[{"href":"https:\/\/galtholmenmc.se\/index.php?rest_route=\/wp\/v2\/pages"}],"about":[{"href":"https:\/\/galtholmenmc.se\/index.php?rest_route=\/wp\/v2\/types\/page"}],"author":[{"embeddable":true,"href":"https:\/\/galtholmenmc.se\/index.php?rest_route=\/wp\/v2\/users\/1"}],"replies":[{"embeddable":true,"href":"https:\/\/galtholmenmc.se\/index.php?rest_route=%2Fwp%2Fv2%2Fcomments&post=486"}],"version-history":[{"count":3,"href":"https:\/\/galtholmenmc.se\/index.php?rest_route=\/wp\/v2\/pages\/486\/revisions"}],"predecessor-version":[{"id":548,"href":"https:\/\/galtholmenmc.se\/index.php?rest_route=\/wp\/v2\/pages\/486\/revisions\/548"}],"wp:attachment":[{"href":"https:\/\/galtholmenmc.se\/index.php?rest_route=%2Fwp%2Fv2%2Fmedia&parent=486"}],"curies":[{"name":"wp","href":"https:\/\/api.w.org\/{rel}","templated":true}]}}