{"id":485,"date":"2018-03-30T08:59:38","date_gmt":"2018-03-30T08:59:38","guid":{"rendered":"http:\/\/galtholmenmc.se\/?page_id=485"},"modified":"2018-03-30T09:13:04","modified_gmt":"2018-03-30T09:13:04","slug":"del-4","status":"publish","type":"page","link":"https:\/\/galtholmenmc.se\/?page_id=485","title":{"rendered":"Del 4"},"content":{"rendered":"<p>N\u00e4r jag ligger i s\u00e4ngen s\u00e5 har jag 7 st kuddar runt mina ben. 2 st sm\u00e5 under l\u00e5ren, 2 sm\u00e5 kuddar under kn\u00e4na, 2 st under vaderna och en stor kilformad under f\u00f6tterna s\u00e5 de f\u00e5r ligga sp\u00e4nda bak\u00e5t hela tiden, allt f\u00f6r att inte f\u00e5 s\u00e5 kallad droppfot, f\u00e5r jag det kan det bli sv\u00e5rare att kunna g\u00e5 riktigt igen.<\/p>\n<p>Efter ca 4-5 dagar s\u00e5 vaknar jag p\u00e5 morgonen och f\u00f6rs\u00f6ker att r\u00f6ra mina ben som jag gjort hela tiden sedan k\u00e4nseln f\u00f6rsvann, nu r\u00f6r sig v\u00e4nster fot lite grann, f\u00f6rs\u00f6ker med h\u00f6gra men icke sa Nicke. Talar om detta f\u00f6r l\u00e4karna n\u00e4r de g\u00e5r ronden. Alla tycker att det verkar som en riktig framg\u00e5ng. K\u00e4nslan \u00e4r ofattbar. Kan inte r\u00f6ra t\u00e5rna utan bara foten lite i sidled.<\/p>\n<p>B\u00f6rjar t\u00e4nka p\u00e5 att det nog var 8 dagar sedan jag var p\u00e5 toaletten och gjorde nr 2. Magen b\u00f6rjar k\u00e4nnas v\u00e4ldigt uppsv\u00e4lld. Talar om detta f\u00f6r sk\u00f6terskan och hon vill att jag ska ta mig upp p\u00e5 toaletten och f\u00f6rs\u00f6ka, inte bra att l\u00e5ta det vara kvar i tarmarna. Nu hade jag f\u00e5tt byta rum till ett rum med en patientlyft i taket s\u00e5 vi kan ju prova den nu&#8230;<br \/>\nDe kommer in med en slags b\u00e4rsele jag f\u00e5r ha p\u00e5 mig. Inte det l\u00e4ttaste n\u00e4r man inte kan r\u00f6ra p\u00e5 sig \u00f6ver huvudtaget. F\u00e5r vicka lite \u00e5t ena sidan s\u00e5 hon f\u00e5r under den och sedan \u00e5t andra h\u00e5llet. Nu har jag den p\u00e5 mig och d\u00e5 ska hon k\u00f6ra ner lyften och sedan f\u00f6rs\u00f6ka f\u00e5 ner mig p\u00e5 en rullbar toastol och sedan in p\u00e5 toaletten. K\u00e4nner mig j\u00e4vligt utl\u00e4mnad n\u00e4r jag h\u00e4nger d\u00e4r i luften. Allt g\u00e5r bra utom att jag inte kan g\u00f6ra n\u00e5got p\u00e5 toan.<\/p>\n<p>F\u00e5r Klyx en slags lavemang och ska f\u00f6rs\u00f6ka h\u00e5lla det kvar genom att knipa&#8230;fungerar inte alls n\u00e4r man inte har n\u00e5gon k\u00e4nsel.<br \/>\nEfter 20 min p\u00e5 toan s\u00e5 \u00e4r det bara att ge upp. Har s\u00e5 ont i magen s\u00e5 k\u00e4nseln d\u00e4r \u00e4r tillbaka, har fortfarande kateter s\u00e5 jag kan inte kissa sj\u00e4lv \u00e4n heller. Vaknar p\u00e5 natten och \u00e4r hur bajsn\u00f6dig som helst, ringer efter sk\u00f6terskan som kommer in med ett b\u00e4cken som jag f\u00e5r s\u00e4tta mig p\u00e5&#8230;<br \/>\nSitter p\u00e5 den och st\u00e5nkar och sv\u00e4r och n\u00e4r hon kommer tillbaka fr\u00e5gar hon om det har g\u00e5tt bra. Ja, s\u00e4ger jag, det \u00e4r nog ett stort lass.. Fan vad jag bedrog mig, en liten, liten boll l\u00e5g d\u00e4r\u2026.helt slut s\u00e5 jag somnade om.<\/p>\n<p>Dagen efter s\u00e5 fick jag en spruta i magen som de hade f\u00e5tt remiss ifr\u00e5n Akuten att s\u00e4tta in. En s\u00e5 kallad morfinmage hade jag s\u00e5 det var stopp och denna spruta skulle hj\u00e4lpa och det gjorde den. S\u00e5 var ett problem borta f\u00f6r stunden.<\/p>\n<p><img loading=\"lazy\" decoding=\"async\" class=\"alignnone wp-image-540 size-full\" src=\"http:\/\/galtholmenmc.se\/wp-content\/uploads\/2018\/03\/Strand11.jpg\" alt=\"\" width=\"480\" height=\"640\" srcset=\"https:\/\/galtholmenmc.se\/wp-content\/uploads\/2018\/03\/Strand11.jpg 480w, https:\/\/galtholmenmc.se\/wp-content\/uploads\/2018\/03\/Strand11-225x300.jpg 225w\" sizes=\"auto, (max-width: 480px) 100vw, 480px\" \/><br \/>\nInte alltid s\u00e5 l\u00e4tt i livet&#8230;<\/p>\n<p>Dagarna g\u00e5r sakta men s\u00e4kert, tur att OS \u00e4r p\u00e5 tv s\u00e5 man kan se det fr\u00e5n morgon till kv\u00e4ll. Har nog aldrig sett s\u00e5 mycket sport under 2 veckor.<br \/>\nFru och barn h\u00e4lsar p\u00e5 s\u00e5 ofta som de kan, 3 ggr i veckan ungef\u00e4r. D\u00e4r emellan s\u00e5 h\u00e4lsar mina br\u00f6der och mina br\u00f6der fr\u00e5n Galtholmen p\u00e5. Dagarna g\u00e5r s\u00e5 mycket fortare n\u00e4r man f\u00e5r bes\u00f6k, att bara ligga i s\u00e4ngen och lyssna p\u00e5 musik, trycka p\u00e5 iPhone och iPad \u00e4r inte s\u00e5 j\u00e4vla kul dag ut och dag in.<\/p>\n<p>Redan efter andra dagen s\u00e5 b\u00f6rjade jag att se mig sj\u00e4lv och livet i rullstol&#8230;<br \/>\nTankarna fl\u00f6g runt, hur fan skulle jag g\u00f6ra med min HD nu.. s\u00e4lja eller f\u00f6rs\u00f6ka bygga om?<br \/>\nMitt jobb.. hur skulle det g\u00e5?? Lite sv\u00e5rt att vara resemont\u00f6r och springa i trappor dagarna i \u00e4nda.<br \/>\nHur skulle jag kunna bo i huset? Sv\u00e5rt att ta sig upp p\u00e5 \u00f6verv\u00e5ningen d\u00e4r vi har s\u00e4ngen?<br \/>\nK\u00f6ra bil?<br \/>\nAllt blir ju s\u00e5 mycket mer komplicerat nu, om jag ska sitta i en rullstol.<\/p>\n<p>F\u00e5r prata med en arbetsterapeut som vill prova ut en rullstol \u00e5t mig och det tackade jag ju inte nej till, vill ju inte ligga hela tiden om jag inte beh\u00f6vde. Stolen jag fick var ju inte av den lilla typen utan en stabil stol f\u00f6r r\u00f6relsehindrade med stora sv\u00e5righeter att r\u00f6ra sig.<\/p>\n<p><img loading=\"lazy\" decoding=\"async\" class=\"alignnone wp-image-538 size-full\" src=\"http:\/\/galtholmenmc.se\/wp-content\/uploads\/2018\/03\/Strand12.jpg\" alt=\"\" width=\"480\" height=\"640\" srcset=\"https:\/\/galtholmenmc.se\/wp-content\/uploads\/2018\/03\/Strand12.jpg 480w, https:\/\/galtholmenmc.se\/wp-content\/uploads\/2018\/03\/Strand12-225x300.jpg 225w\" sizes=\"auto, (max-width: 480px) 100vw, 480px\" \/><br \/>\n\u00c4ntligen f\u00e5r jag komma upp och sitta!!!<\/p>\n<p>Fick prata med en Kurator som tog kontakt med mig. Det k\u00e4ndes j\u00e4ttebra att verkligen f\u00e5 l\u00e4tta sitt hj\u00e4rta f\u00f6r en som f\u00f6rstod hur jag m\u00e5dde. Hon ville \u00e4ven att min fru skulle f\u00e5 vara med och prata s\u00e5 vi bokade in en tid d\u00e4r vi 3 tr\u00e4ffades.<\/p>\n<p>K\u00e4nseln i benen kommer sakta tillbaka, har inte riktigt koll p\u00e5 vilka dagar det h\u00e4nder. \u00c4r fortfarande i ett t\u00f6cken, lite bomull i huvudet kan man minst s\u00e4ga, det jag kommer ih\u00e5g \u00e4r att det tog n\u00e5gra dagar innan h\u00f6gra foten gick att r\u00f6ra. V\u00e4nstern hade jag f\u00e5tt fart p\u00e5 t\u00e5rna lite grann, \u00e4ven kn\u00e4na d\u00e5, h\u00f6fterna var helt stela och rumpan gick inte att r\u00f6ra.<\/p>\n<p>Fick en sjukgymnast som ville att jag skulle f\u00f6rs\u00f6ka r\u00f6ra p\u00e5 mina ben s\u00e5 de skulle komma ig\u00e5ng. Hon tog sig verkligen tid med mig och mina or\u00f6rliga ben. Fick l\u00e4ra mig hur man tar sig till rullstolen med patientlyften men inget jag klarade sj\u00e4lv utan det beh\u00f6vdes 2 sk\u00f6terskor som hj\u00e4lpte till.<\/p>\n<p>Sjukpersonalen var p\u00e5 mig hela tiden att jag inte fick ligga p\u00e5 rygg hela tiden, de var s\u00e5 r\u00e4dda att jag skulle f\u00e5 liggs\u00e5r.<br \/>\nHade antydan till ett s\u00e5r i svanken. Problemet var att jag inte kunde ligga p\u00e5 sidan d\u00e5 jag hade ett j\u00e4tte\u00e4rr p\u00e5 v\u00e4nster sida och p\u00e5 h\u00f6ger sida s\u00e5 tryckte det fr\u00e5n revbenet som de hade tagit benbitar ifr\u00e5n. S\u00e5 jag kunde bara ligga lite p\u00e5 sidan med hj\u00e4lp av en kilkudde, detta uth\u00e4rdade jag bara 5-10 minuter sedan fick de sn\u00e4llt ta bort den s\u00e5 jag kunde ligga normalt p\u00e5 ryggen. Fast det gjorde ju ont \u00e4ven detta d\u00e5 jag hade ett j\u00e4tte\u00e4rr mitt p\u00e5 ryggen ocks\u00e5, \u00e4ven d\u00e4r dr\u00e4neringsr\u00f6ret hade suttit men det gjorde minst ont i alla fall.<\/p>\n<p>Efter 13 dagar s\u00e5 fick jag min andra Cytostatikabehandling och nu v\u00e4ntade jag mig att nu kommer jag b\u00f6rja m\u00e5 s\u00e5 d\u00e5ligt som jag har h\u00f6rt att man g\u00f6r vid behandlingar. Men jag k\u00e4nde ingenting av gifterna. Enligt \u00f6verl\u00e4karna p\u00e5 avdelningen s\u00e5 hade detta nog att g\u00f6ra med min tidigare livsstil. Aldrig snusat, r\u00f6kt och drack m\u00e5ttligt. Var inte \u00f6verviktig och jag tr\u00e4nade regelbundet, fysiskt arbete l\u00e5g i grunden att jag m\u00e5dde som jag gjorde.<br \/>\nDet k\u00e4ndes v\u00e4ldigt sk\u00f6nt att h\u00f6ra, och hade jag inte gjort detta s\u00e5 skulle Cytostatikan t\u00e4ra mer p\u00e5 mig, en del rej\u00e4lt \u00f6verviktiga klarar knappt behandlingen.<\/p>\n<p>4 dagar efter behandlingen s\u00e5 fick jag komma till Magnetr\u00f6ntgen igen.<br \/>\nSvaret tog inte s\u00e5 l\u00e5ng tid p\u00e5 sig att f\u00e5&#8230;<\/p>\n<p>Jippie!!!<\/p>\n<p>Tum\u00f6ren hade krympt kunde de se nu och v\u00e4tskan som g\u00e5r i ryggraden och \u00e4r den samma som vi har runt hj\u00e4rnan hade fritt fram vid ryggm\u00e4rgen!<br \/>\nGud vilken sk\u00f6nt besked, en stor klump l\u00e4ttade fr\u00e5n mitt hj\u00e4rta d\u00e5.<\/p>\n<p><img loading=\"lazy\" decoding=\"async\" class=\"alignnone wp-image-539 size-full\" src=\"http:\/\/galtholmenmc.se\/wp-content\/uploads\/2018\/03\/Strand13.jpg\" alt=\"\" width=\"453\" height=\"640\" srcset=\"https:\/\/galtholmenmc.se\/wp-content\/uploads\/2018\/03\/Strand13.jpg 453w, https:\/\/galtholmenmc.se\/wp-content\/uploads\/2018\/03\/Strand13-212x300.jpg 212w\" sizes=\"auto, (max-width: 453px) 100vw, 453px\" \/><br \/>\nGammal bild men talande text!<\/p>\n","protected":false},"excerpt":{"rendered":"<p>N\u00e4r jag ligger i s\u00e4ngen s\u00e5 har jag 7 st kuddar runt mina ben. 2 st sm\u00e5 under l\u00e5ren, 2 sm\u00e5 kuddar under kn\u00e4na, 2 st under vaderna och en stor kilformad under f\u00f6tterna s\u00e5 de f\u00e5r ligga sp\u00e4nda bak\u00e5t hela tiden, allt f\u00f6r att inte f\u00e5 s\u00e5 kallad droppfot, f\u00e5r jag det kan det [&hellip;]<\/p>\n","protected":false},"author":1,"featured_media":0,"parent":0,"menu_order":0,"comment_status":"closed","ping_status":"closed","template":"","meta":{"footnotes":""},"class_list":["post-485","page","type-page","status-publish","hentry"],"_links":{"self":[{"href":"https:\/\/galtholmenmc.se\/index.php?rest_route=\/wp\/v2\/pages\/485","targetHints":{"allow":["GET"]}}],"collection":[{"href":"https:\/\/galtholmenmc.se\/index.php?rest_route=\/wp\/v2\/pages"}],"about":[{"href":"https:\/\/galtholmenmc.se\/index.php?rest_route=\/wp\/v2\/types\/page"}],"author":[{"embeddable":true,"href":"https:\/\/galtholmenmc.se\/index.php?rest_route=\/wp\/v2\/users\/1"}],"replies":[{"embeddable":true,"href":"https:\/\/galtholmenmc.se\/index.php?rest_route=%2Fwp%2Fv2%2Fcomments&post=485"}],"version-history":[{"count":3,"href":"https:\/\/galtholmenmc.se\/index.php?rest_route=\/wp\/v2\/pages\/485\/revisions"}],"predecessor-version":[{"id":542,"href":"https:\/\/galtholmenmc.se\/index.php?rest_route=\/wp\/v2\/pages\/485\/revisions\/542"}],"wp:attachment":[{"href":"https:\/\/galtholmenmc.se\/index.php?rest_route=%2Fwp%2Fv2%2Fmedia&parent=485"}],"curies":[{"name":"wp","href":"https:\/\/api.w.org\/{rel}","templated":true}]}}