{"id":480,"date":"2018-03-30T08:54:34","date_gmt":"2018-03-30T08:54:34","guid":{"rendered":"http:\/\/galtholmenmc.se\/?page_id=480"},"modified":"2018-03-30T09:04:38","modified_gmt":"2018-03-30T09:04:38","slug":"del-2","status":"publish","type":"page","link":"https:\/\/galtholmenmc.se\/?page_id=480","title":{"rendered":"Del 2"},"content":{"rendered":"<p><strong>Januari 2014:<\/strong><\/p>\n<p>Vid ankomsten till akuten Falu Lasarett s\u00e5 skrivs jag in och f\u00f6rs vidare till avdelning 17 ortopeden. De lovar magnetr\u00f6ntgen men inget h\u00e4nder. F\u00e5r i alla fall sm\u00e4rtstillande! K\u00e4nseln i h\u00f6ger ben blir snabbt s\u00e4mre. Fick tllls\u00e4gelse av sjuksk\u00f6terska att jag inte fick g\u00e5 utan att anv\u00e4nda mig av ett g\u00e5bord. De sa att jag skulle f\u00e5 MR p\u00e5 ny\u00e5rsafton 31\/12 men inget h\u00e4nde. Ny\u00e5rsdagen 1\/1 \u00e4r tyv\u00e4rr r\u00f6ntgen st\u00e4ngd. F\u00e5r tillslut MR p\u00e5 torsdagen den 2\/1. Den visar inget mer \u00e4n den tidigare gjorda r\u00f6ntgen i oktober. Kotan h\u00e5ller p\u00e5 att falla is\u00e4r och fragment ligger mot ryggm\u00e4rgen och trycker. F\u00e5r d\u00e5 besked att det kan vara n\u00e5gon form av cancer i min kropp som orsakat detta. Blir lite l\u00e4tt chockad av beskedet s\u00e5 en l\u00e4kare fr\u00e5gar om jag vill prata med en kurator? Svarar att jag inte beh\u00f6ver det just nu. Tankarna flyger runt i huvudet&#8230;Fan det kan ju inte h\u00e4nda mig!!<br \/>\nHar aldrig r\u00f6kt eller snusat inte ens provat i hela mitt liv. Jag tr\u00e4nar regelbundet, har sprungit G\u00f6teborgsvarvet 7 ggr och ska ju springa i v\u00e5r igen. R\u00f6r p\u00e5 mig hela dagarna i jobbet. Dricker v\u00e4ldigt sparsamt. Det ska ju inte kunna h\u00e4nda mig var tankarna konstant.<\/p>\n<p>L\u00e4karna unders\u00f6ker mig fr\u00e5n topp till t\u00e5, f\u00f6rs\u00f6ker g\u00e5 igenom mitt h\u00e5r och se om det finns n\u00e5gra f\u00f6rstorade leverfl\u00e4ckar i h\u00e5rbotten men ger upp n\u00e4r jag har s\u00e5 mycket h\u00e5r. S\u00e4ger att jag har haft helrakat p\u00e5 huvudet f\u00f6r 7 \u00e5r sedan och vet att det inte fanns n\u00e5gra leverfl\u00e4ckar d\u00e5 i all fall. En massa olika blodprover tas. En l\u00e4kare kommer in och vill k\u00e4nna p\u00e5 min prostata bara f\u00f6r att utesluta det. PSA provet visar inget men de vill vara s\u00e4ker p\u00e5 det. Inte det l\u00e4ttaste beslutet kanske n\u00e4r man ligger d\u00e4r och en ung kvinnlig l\u00e4kare vill stoppa upp ett finger d\u00e4r bak&#8230;. Men vad fan det \u00e4r ju bara slappna av och l\u00e4mna ut sig. Fick beskedet direkt att den k\u00e4ndes helt normal och det var ju lugnande.<\/p>\n<p>F\u00e5r \u00e4ven besked att jag ska g\u00f6ra en CT-r\u00f6ntgen ( Datortomografi )\u00a0 med kontrastv\u00e4tska under fredagen. Dricka kontrastv\u00e4tska \u00e4r ju inte s\u00e5 gott har jag h\u00f6rt. B\u00f6rjade dricka det 9 p\u00e5 morgonen. Smakade v\u00e4ldigt som en svag Ouzo och det skulle ner en liter av det. Inte det godaste p\u00e5 morgonen, fick kv\u00e4ljningar efter en halv liter&#8230;<br \/>\nF\u00e5r svar n\u00e5gon timme efter genomf\u00f6randet av CTn att de inte hittat n\u00e5gon tum\u00f6r alls men att jag ska f\u00e5 komma till Uppsala Akademiska f\u00f6r en akutoperation n\u00e4stkommande fredag 10\/1 2014.<\/p>\n<p>S\u00f6ndagen den 5\/1 f\u00e5r jag besked om att jag ska skrivas ut p\u00e5 grund av platsbrist! Enligt l\u00e4karen s\u00e5 &#8221;ligger jag bara d\u00e4r och v\u00e4ntar p\u00e5 operation&#8221; s\u00e5 jag kan lika g\u00e4rna \u00e5ka hem&#8230;..Jag v\u00e4grar det!! Kan ju inte g\u00e5 eller klara mig sj\u00e4lv&#8230;! D\u00e5 erbjuds jag ist\u00e4llet att f\u00e5 vara p\u00e5 Patienthotellet som ligger p\u00e5 lasarettet. D\u00e4r kan de endast erbjuda mig en s\u00e4ng, ingen annan hj\u00e4lp eller hj\u00e4lpmedel finns p\u00e5 patienthotellet. F\u00e5r i alla fall med mig mitt g\u00e5bord&#8230;.V\u00e4l p\u00e5 plats p\u00e5 Patienthotellet s\u00e5 ligger toa\/dusch utanf\u00f6r mitt rum, i korridoren. Personalen d\u00e4r var toppen, de kom in med maten till mitt rum och hj\u00e4lpte med det lilla de kunde. K\u00e4nner p\u00e5 m\u00e5ndag kv\u00e4ll att jag inte klarar av att ta mig till toaletten i korridoren utanf\u00f6r mitt rum s\u00e5 jag kissar i handfatet i mitt rum, st\u00e5endes lutandes mot mitt g\u00e5bord&#8230;! Vet inte ens om jag tr\u00e4ffar handfatet eller kissar utanf\u00f6r p\u00e5 golvet..!!<\/p>\n<p><img loading=\"lazy\" decoding=\"async\" class=\"alignnone wp-image-528 size-full\" src=\"http:\/\/galtholmenmc.se\/wp-content\/uploads\/2018\/03\/Strand4.jpg\" alt=\"\" width=\"397\" height=\"640\" srcset=\"https:\/\/galtholmenmc.se\/wp-content\/uploads\/2018\/03\/Strand4.jpg 397w, https:\/\/galtholmenmc.se\/wp-content\/uploads\/2018\/03\/Strand4-186x300.jpg 186w\" sizes=\"auto, (max-width: 397px) 100vw, 397px\" \/><br \/>\nP\u00e5 patienthotellet.<\/p>\n<p>L\u00e4gger mig i s\u00e4ngen, somnar tillslut. Vaknar runt 8 p\u00e5 tisdag morgon (7\/1) och k\u00e4nner inte mina ben. Ringer p\u00e5 personalen och ber om en kissflaska. Inte ens det finns p\u00e5 Patienthotellet, eftersom man ska vara sj\u00e4lvg\u00e5ende f\u00f6r att bo d\u00e4r! De k\u00f6r d\u00e5 upp mig till akuten, liggandes i Patienthotellets s\u00e4ng. Fick hj\u00e4lp in p\u00e5 toalett s\u00e5 jag kunde kissa. Sen gjorde de en &#8221;bladder&#8221; f\u00f6r att kolla att allt bl\u00e5san var t\u00f6md. Det var den. D\u00e4refter skrivs jag in igen och f\u00f6rs tillbaka till avdelning 17.<\/p>\n<p>Torsdag morgon n\u00e4r jag ska bli k\u00f6rd till Uppsala Akademiska \u00e4r k\u00e4nseln borta och jag kan ej g\u00e5. M\u00e5ste f\u00e5 hj\u00e4lp in p\u00e5 toaletten och tillbaka i s\u00e4ngen. P\u00e5 grund av den hemska sm\u00e4rtan i ryggen m\u00e5ste jag ligga ner helt plant. N\u00e4r sjuktransporten kommer s\u00e5 \u00e4r britsen ej nerf\u00e4lldbar utan halvsittandes. De ger mig extra morfin men det hj\u00e4lper inte. Jag klarar inte av att flyttas \u00f6ver till en halvsittande brits. Han \u00e5ker och personalen best\u00e4ller en liggande ambulans ist\u00e4llet. D\u00e5 kan de \u00e4ven s\u00f6va mig om det skulle beh\u00f6vas under f\u00e4rden till Uppsala. F\u00e5r v\u00e4nta ett par timmar till men det gick bra att ligga helt rakt i s\u00e4ngen.<br \/>\nResan gick bra utan extra sm\u00e4rtlindring!<\/p>\n<p>V\u00e4l framme i Uppsala p\u00e5 ortopedakuten d\u00e4r jag ska skrivas in f\u00e5r jag besked att alla planerade operationer \u00e4r inst\u00e4llda s\u00e5 &#8221;de f\u00e5r k\u00f6ra tillbaka mig till Falun&#8221;. En v\u00e4nlig kvinna s\u00e4ger att &#8221;vi skriver in dig \u00e4nd\u00e5&#8221;. N\u00e4r hon b\u00f6rja skiva s\u00e5 kommer en yngre sk\u00f6terska och s\u00e4ger att &#8221;inga f\u00e5r skrivas in&#8221;. Blir liggande, fortfarande fastsp\u00e4nd i ambulansbritsen, med sv\u00e5ra sm\u00e4rtor. Efter ca 30-40 minuter kommer en kille fram och s\u00e4ger att nu har han pratat med koordinatorn och JAG SKA SKRIVAS IN. Under tiden, jag ligger fortfarande kvar p\u00e5 britsen, s\u00e5 kommer en akutl\u00e4kare ut fr\u00e5n sitt kontor och skriker \u00e5t killen &#8211; ATT JAG (THOMAS) INTE SKA SKRIVAS IN, INGA SKA SKRIVAS IN. Killen svarar att han hade f\u00e5tt godk\u00e4nt av koordinatorn att Thomas ska skrivas in!! L\u00e4karen blir skitf\u00f6rbannad och vr\u00e5lar \u00f6ver mitt huvud att INGEN LYSSNAR P\u00c5 HONOM&#8230;sen g\u00e5r han in p\u00e5 sitt kontor igen och sm\u00e4ller h\u00f6gt igen d\u00f6rren. Den \u00e4ldre v\u00e4nliga kvinnan kommer fram till mig och ber om urs\u00e4kt f\u00f6r l\u00e4karens beteende. Hon ber \u00e4ven killen att han ska ta upp h\u00e4ndelsen med sin chef.<\/p>\n<p>Klockan 12.30 ligger jag i en sjukhuss\u00e4ng och \u00e4r p\u00e5v\u00e4g upp till den avdelning jag ska ligga p\u00e5, avd 70. Klockan 18.30 ligger jag \u00e4ntligen inne p\u00e5 ett rum. Tiden d\u00e4remellan tillbringades i ett f\u00f6rr\u00e5d i v\u00e4ntan p\u00e5 ledig plats. V\u00e4l inne i rummet s\u00e5 f\u00e5r jag dela med en \u00e4ldre dam h\u00f6r jag bakom draperiet.<br \/>\nTycker att allt k\u00e4nns bra n\u00e4r jag \u00e4ntligen ska bli opererad. S\u00e4tter p\u00e5 tvn och t\u00e4nkte titta p\u00e5 Person of Interest, dubbelavsnitt. Perfekt t\u00e4nkte jag d\u00e5 kanske jag kan somna efter det vid 23 tiden. Efter en halvtimme s\u00e5 h\u00f6r jag hur damen bakom draperiet ligger o muttrar. Sedan blir hon aggressiv o skriker till att det \u00e4r s\u00e5 jobbigt med tv-flimret. St\u00e4nger av och s\u00e4tter p\u00e5 musik p\u00e5 min iPod och kopplar av med det.<br \/>\nVaknar efter ett par timmar att hon g\u00e5r upp och l\u00e5ter h\u00f6gt med allt. Inne p\u00e5 toaletten h\u00f6r jag hur hon sl\u00e4pper ner tunga f\u00f6rem\u00e5l och spolar hela tiden.. Fan jag m\u00e5ste ju sova t\u00e4nker jag. Somnar om efter en stund men vaknar igen vid 4 att hon ligger och skriker om att det \u00e4r fullt med d\u00f6da barn i hela rummet. Hon ropar p\u00e5 man o barn att hj\u00e4lpa henne. Hon har k\u00f6rt ihj\u00e4l dem med rollatorn sedan b\u00f6rjar hon f\u00f6rs\u00f6ka ta sig ut men har k\u00f6rt fast med den h\u00f6r jag&#8230; FAN vad drygt detta \u00e4r.. Ska opereras om 4 timmar och har knappt sovit. Ringer p\u00e5 sjuksyster att hon bredvid m\u00e5ste ha hj\u00e4lp. Tv\u00e5 manliga sjuksystrar kommer in och rullar ut henne i korridoren. Vi l\u00e4gger henne med dem andra som l\u00e5ter h\u00f6gt s\u00e4ger han.<br \/>\nSomnar om direkt efter det.<\/p>\n<p>\u00c4ntligen fredag och operation! F\u00e5r f\u00f6rklarat f\u00f6r mig vad dem t\u00e4nkte g\u00f6ra. Eftersom kota 8 fallit is\u00e4r s\u00e5 kommer vi att s\u00e4tta in 2 st skruvar mellan kota 6 och 10 men \u00e4ven mellan 7 och 9 sedan kommer vi att k\u00f6ra en form som kommer att bilda en ny kota f\u00f6r den som vi kommer att ta bort. Rullar ner vid 8 tiden och kommer tillbaka till rummet vid 21 tiden. 6 timmar tog operationen fick jag h\u00f6ra. P\u00e5 uppvaket s\u00e5 f\u00e5r jag fr\u00e5gan om jag kan r\u00f6ra p\u00e5 benen. \u00c4r s\u00e5 morfindrogad men lyfter p\u00e5 h\u00f6gra benet och det funkar. Sedan lyfter jag p\u00e5 v\u00e4nster men h\u00e4nder inget skriker jag men l\u00e4karen s\u00e4ger att jag kan ta ned benet och allt ser bra ut. Kommer tillbaka till rummet efter 7 timmar p\u00e5 uppvaket och har ont som bara den. Har dr\u00e4nerings r\u00f6r som sticker ut ur ryggen p\u00e5 tv\u00e5 st\u00e4llen som k\u00e4nns rej\u00e4lt.<br \/>\nDet g\u00e5r bra men har s\u00e5 ont i sidan d\u00e4r de har skurit upp mig rej\u00e4lt.<br \/>\nK\u00e4nns som allt har g\u00e5tt s\u00f6nder p\u00e5 v\u00e4nster sida. \u00d6m som bara den p\u00e5 revbenen och magmusklerna.<\/p>\n<p><img loading=\"lazy\" decoding=\"async\" class=\"alignnone wp-image-529 size-full\" src=\"http:\/\/galtholmenmc.se\/wp-content\/uploads\/2018\/03\/Strand5.jpg\" alt=\"\" width=\"480\" height=\"640\" srcset=\"https:\/\/galtholmenmc.se\/wp-content\/uploads\/2018\/03\/Strand5.jpg 480w, https:\/\/galtholmenmc.se\/wp-content\/uploads\/2018\/03\/Strand5-225x300.jpg 225w\" sizes=\"auto, (max-width: 480px) 100vw, 480px\" \/><br \/>\nNyopererad i Uppsala!<\/p>\n<p>F\u00e5r morfin hela tiden s\u00e5 sm\u00e4rtan inte ska k\u00e4nnas. Ligger och slumrar lite p\u00e5 dagarna men det \u00e4r inte bra. F\u00e5r s\u00e5dana hallucinationer av morfinet. Bara jag sluter \u00f6gonen s\u00e5 k\u00e4nner jag hur s\u00e4ngen lyfts n\u00e5gra decimeter och sedan \u00e5ker jag iv\u00e4g ut genom d\u00f6rren och d\u00e4r st\u00e5r folk och ser p\u00e5 mig, en del tar p\u00e5 mig medan jag \u00e5ker. Tittar upp och d\u00e5 ligger jag s\u00e5 fint i s\u00e4ngen. Blundar igen och resan forts\u00e4tter genom sjukhusets korridorer. En massa m\u00e4nniskor som r\u00f6r p\u00e5 mig hela tiden.<br \/>\nHur fan kan folk vilja betala f\u00f6r detta t\u00e4nker jag.<\/p>\n<p>Efter ett par dygn blir det b\u00e4ttre men sm\u00e4rtan \u00e4r olidlig i ryggen. Nu b\u00f6rjar jag se en m\u00e4nniska som st\u00e5r bakom gardinen med huvtr\u00f6ja p\u00e5 sig. N\u00e4r jag tittar ordentligt s\u00e5 \u00e4r det inget d\u00e4r. Blundar och tittar igen s\u00e5 st\u00e5r han d\u00e4r och tittar mot mig. Han \u00e4r d\u00e4r bara en dag som tur \u00e4r.<br \/>\nEfter 5 dygn i Uppsala s\u00e5 jag f\u00e5 \u00e5ka till Falun med ambulans igen. Resan g\u00e5r bra och allt funkar r\u00e4tt bra i Falun. Men har s\u00e5 ont i sidan fortfarande s\u00e5 jag s\u00e4ger till l\u00e4karen om det. Han f\u00f6rklarar att det ju inte \u00e4r s\u00e5 konstigt d\u00e5 de har tagit revben av mig och lagt det i den formen som ska bilda en ny kota. D\u00e5 \u00e4r det d\u00e4rf\u00f6r jag knappt kan hosta utan att ha s\u00e5 ont. Skratta h\u00e4nder ju inte direkt i det skick jag \u00e4r i d\u00e5. Men ett bra tips var att ha en kudde och krama \u00e5t h\u00e5rt om jag m\u00e5ste hosta eller nysa.<br \/>\nEfter 5 dygn i Falun blir jag utskriven och f\u00e5r komma hem igen den 20\/1.<\/p>\n<p><img loading=\"lazy\" decoding=\"async\" class=\"alignnone wp-image-530 size-full\" src=\"http:\/\/galtholmenmc.se\/wp-content\/uploads\/2018\/03\/Strand6.jpg\" alt=\"\" width=\"480\" height=\"640\" srcset=\"https:\/\/galtholmenmc.se\/wp-content\/uploads\/2018\/03\/Strand6.jpg 480w, https:\/\/galtholmenmc.se\/wp-content\/uploads\/2018\/03\/Strand6-225x300.jpg 225w\" sizes=\"auto, (max-width: 480px) 100vw, 480px\" \/><br \/>\nHemkommen fr\u00e5n Falun!<\/p>\n<p>Jag f\u00e5r dock inte tillr\u00e4ckligt med sm\u00e4rtlindring med mig hem eller p\u00e5 recept. Ringer till Falun avd 17 och f\u00e5r efter tjat EN till f\u00f6rpackning p\u00e5 14 tabletter p\u00e5 recept. Jag skulle allts\u00e5 ta dessa, vilket ocks\u00e5 stod p\u00e5 f\u00f6rpackningen, max FYRA om dagen. Allts\u00e5 r\u00e4ckte denna f\u00f6rpackning i TRE dagar! Ringde d\u00e5 till Uppsala avd 70 ist\u00e4llet varav den sk\u00f6terskan fr\u00e5gade vad det var f\u00f6r pajaser som jobbade i Falun..! Sj\u00e4lvklart ska du ha sm\u00e4rtlindring, du ska inte ligga hemma och ha ont.. Du har i princip blivit \u00f6verk\u00f6rd av en \u00e5ngv\u00e4lt tv\u00e5 g\u00e5nger, fram och tillbaka&#8230;.sa sk\u00f6terskan i Uppsala. S\u00e5 pass stor och omfattande operation har du g\u00e5tt igenom. Sv\u00e5rt att f\u00f6rst\u00e5 det. Dagarna g\u00e5r.<\/p>\n<p>&nbsp;<\/p>\n","protected":false},"excerpt":{"rendered":"<p>Januari 2014: Vid ankomsten till akuten Falu Lasarett s\u00e5 skrivs jag in och f\u00f6rs vidare till avdelning 17 ortopeden. De lovar magnetr\u00f6ntgen men inget h\u00e4nder. F\u00e5r i alla fall sm\u00e4rtstillande! K\u00e4nseln i h\u00f6ger ben blir snabbt s\u00e4mre. Fick tllls\u00e4gelse av sjuksk\u00f6terska att jag inte fick g\u00e5 utan att anv\u00e4nda mig av ett g\u00e5bord. De sa [&hellip;]<\/p>\n","protected":false},"author":1,"featured_media":0,"parent":0,"menu_order":0,"comment_status":"closed","ping_status":"closed","template":"","meta":{"footnotes":""},"class_list":["post-480","page","type-page","status-publish","hentry"],"_links":{"self":[{"href":"https:\/\/galtholmenmc.se\/index.php?rest_route=\/wp\/v2\/pages\/480","targetHints":{"allow":["GET"]}}],"collection":[{"href":"https:\/\/galtholmenmc.se\/index.php?rest_route=\/wp\/v2\/pages"}],"about":[{"href":"https:\/\/galtholmenmc.se\/index.php?rest_route=\/wp\/v2\/types\/page"}],"author":[{"embeddable":true,"href":"https:\/\/galtholmenmc.se\/index.php?rest_route=\/wp\/v2\/users\/1"}],"replies":[{"embeddable":true,"href":"https:\/\/galtholmenmc.se\/index.php?rest_route=%2Fwp%2Fv2%2Fcomments&post=480"}],"version-history":[{"count":3,"href":"https:\/\/galtholmenmc.se\/index.php?rest_route=\/wp\/v2\/pages\/480\/revisions"}],"predecessor-version":[{"id":531,"href":"https:\/\/galtholmenmc.se\/index.php?rest_route=\/wp\/v2\/pages\/480\/revisions\/531"}],"wp:attachment":[{"href":"https:\/\/galtholmenmc.se\/index.php?rest_route=%2Fwp%2Fv2%2Fmedia&parent=480"}],"curies":[{"name":"wp","href":"https:\/\/api.w.org\/{rel}","templated":true}]}}