{"id":102,"date":"2017-03-07T11:37:22","date_gmt":"2017-03-07T11:37:22","guid":{"rendered":"http:\/\/galtholmenmc.se\/?page_id=102"},"modified":"2018-01-12T13:46:36","modified_gmt":"2018-01-12T13:46:36","slug":"mats-haga","status":"publish","type":"page","link":"https:\/\/galtholmenmc.se\/?page_id=102","title":{"rendered":"Mats Haga"},"content":{"rendered":"<h2 style=\"text-align: center;\"><img loading=\"lazy\" decoding=\"async\" class=\"wp-image-132 size-full alignleft\" src=\"http:\/\/galtholmenmc.se\/wp-content\/uploads\/2017\/03\/Haga_5.jpg\" alt=\"\" width=\"640\" height=\"480\" srcset=\"https:\/\/galtholmenmc.se\/wp-content\/uploads\/2017\/03\/Haga_5.jpg 640w, https:\/\/galtholmenmc.se\/wp-content\/uploads\/2017\/03\/Haga_5-300x225.jpg 300w\" sizes=\"auto, (max-width: 640px) 100vw, 640px\" \/><\/h2>\n<h2><\/h2>\n<h2><\/h2>\n<h2><\/h2>\n<h2><\/h2>\n<h2><\/h2>\n<h2><\/h2>\n<h2><\/h2>\n<h2><\/h2>\n<h2><\/h2>\n<p style=\"text-align: left;\"><strong>* 1972-03-10<\/strong><br \/>\n<strong> + 2011-04-26<\/strong><\/p>\n<p style=\"text-align: left;\">\u2026s\u00e5 st\u00e5r vi h\u00e4r och vi har f\u00f6rlorat en v\u00e4n\u2026<br \/>\nVi t\u00e4nker p\u00e5 alla tillf\u00e4llen som han f\u00f6rgyllt v\u00e5r tillvaro med sitt leende och sina galna uppt\u00e5g.<br \/>\nOch\u2026<br \/>\n\u2026alla g\u00e5nger han fixat utrustning som klubben beh\u00f6vt l\u00e5na snarast\u2026<br \/>\n\u2026n\u00e4r vi var p\u00e5 Gotland en sommar och han k\u00f6pte en didgeridoo som han tappert roade oss med\u2026<br \/>\n\u2026n\u00e4r han f\u00f6ljde med p\u00e5 hillclimb, 65 mil av skratt, enkel resa\u2026<br \/>\nDet finns m\u00e5nga minnen\u2026<\/p>\n<p style=\"text-align: left;\">Ja Du Haga, Du l\u00e4mnar ett stort tomrum efter Dig\u2026<br \/>\nDet h\u00e4r k\u00e4nns f\u00f6rbannat overkligt och v\u00e4ldigt, v\u00e4ldigt sorgligt\u2026.men\u2026.<\/p>\n<p style=\"text-align: left;\"><strong>VILA I FRID<\/strong><\/p>\n<p style=\"text-align: left;\">\n<p style=\"text-align: left;\"><strong>Nyhetstext M\u00e5ndag 30 Maj 2011<\/strong><\/p>\n<p style=\"text-align: left;\">If he could start again\u2026<\/p>\n<p style=\"text-align: left;\">\u2026a million miles away,<br \/>\nHe will keep himself,<br \/>\nHe would find a way<\/p>\n<p style=\"text-align: left;\">I fredags var det dags\u2026..dags att gr\u00e4nsla v\u00e5ra motorcyklar och \u00e5ka till den vackra Folk\u00e4rna Kyrka\u2026nu hade dagen kommit d\u00e5 vi skulle ta farv\u00e4l av v\u00e5r v\u00e4n Haga\u2026<br \/>\nFy sjutton vad sm\u00e4rtsamt\u2026.kan inte beskriva i ord hur sorgligt det var\u2026<br \/>\nEfter begravningen l\u00e4t vi motorerna vr\u00e5la ut en sm\u00e4rtsamt farv\u00e4l. Vi \u00e5kte till klubben d\u00e4r vi tog emot dem som ville tr\u00e4ffas och fika efter denna sv\u00e5ra stund. Sigbritt hade bakat (TACK!) och vi hade gjort fint med Haga\u00b4s Cramo-v\u00e4st (ber\u00e4ttar historian om v\u00e4sten en annan g\u00e5ng), ett inramat foto p\u00e5 v\u00e5r v\u00e4n och t\u00e4nda ljus. Fika-stunden uppskattades av m\u00e5nga, det var nog 50 personer som kom, och det k\u00e4ndes sk\u00f6nt att tr\u00e4ffas en stund efter att vi varit i kyrkan. Vi fick \u00e4ven h\u00f6ra att det uppskattades att vi kommit p\u00e5 motorcyklarna till begravningen och vi vet att Haga sj\u00e4lv skulle ha hoppat j\u00e4mfota av f\u00f6rtjusning av ljudet i v\u00e5ra motorer\u2026.det var ocks\u00e5 ett s\u00e4tt att hedra honom\u2026<\/p>\n<p style=\"text-align: left;\">I hurt myself today<br \/>\n<span style=\"line-height: 28.9px;\">to see if i still feel.<br \/>\n<\/span><span style=\"line-height: 28.9px;\">I focus on the pain,<br \/>\n<\/span><span style=\"line-height: 28.9px;\">the only thing thats real.<\/span><\/p>\n<p style=\"text-align: left;\">The needle tears a hole;<br \/>\nthe old familiar sting,<br \/>\ntry to kill it all away,<br \/>\nbut I remember everything.<\/p>\n<p style=\"text-align: left;\">what have I become,<br \/>\nmy sweetest friend?<br \/>\nEveryone i know,<br \/>\ngoes away in the end,<\/p>\n<p style=\"text-align: left;\">and you could have it all:<br \/>\nmy empire of dirt,<br \/>\nI will let you down,<br \/>\nI will make you hurt.<\/p>\n<p style=\"text-align: left;\">I wear this crown of thorns<br \/>\nupon my liars chair:<br \/>\nfull of broken thoughts,<br \/>\nI cannot repair.<\/p>\n<p style=\"text-align: left;\">Beneath the stains of time,<br \/>\nthe feelings dissapear.<br \/>\nYou are someone else,<br \/>\nI am still right here.<\/p>\n<p style=\"text-align: left;\">What have I become,<br \/>\nmy sweetest friend?<br \/>\nEveryone I know,<br \/>\ngoes away in the end,<\/p>\n<p style=\"text-align: left;\">and you could have it all:<br \/>\nmy empire of dirt.<br \/>\nI will let you down,<br \/>\nI will make you hurt.<\/p>\n<p style=\"text-align: left;\">If I could start again,<br \/>\na million miles away,<br \/>\nI will keep myself,<br \/>\nI would find a way.<\/p>\n","protected":false},"excerpt":{"rendered":"<p>* 1972-03-10 + 2011-04-26 \u2026s\u00e5 st\u00e5r vi h\u00e4r och vi har f\u00f6rlorat en v\u00e4n\u2026 Vi t\u00e4nker p\u00e5 alla tillf\u00e4llen som han f\u00f6rgyllt v\u00e5r tillvaro med sitt leende och sina galna uppt\u00e5g. Och\u2026 \u2026alla g\u00e5nger han fixat utrustning som klubben beh\u00f6vt l\u00e5na snarast\u2026 \u2026n\u00e4r vi var p\u00e5 Gotland en sommar och han k\u00f6pte en didgeridoo som [&hellip;]<\/p>\n","protected":false},"author":1,"featured_media":0,"parent":0,"menu_order":0,"comment_status":"closed","ping_status":"closed","template":"","meta":{"footnotes":""},"class_list":["post-102","page","type-page","status-publish","hentry"],"_links":{"self":[{"href":"https:\/\/galtholmenmc.se\/index.php?rest_route=\/wp\/v2\/pages\/102","targetHints":{"allow":["GET"]}}],"collection":[{"href":"https:\/\/galtholmenmc.se\/index.php?rest_route=\/wp\/v2\/pages"}],"about":[{"href":"https:\/\/galtholmenmc.se\/index.php?rest_route=\/wp\/v2\/types\/page"}],"author":[{"embeddable":true,"href":"https:\/\/galtholmenmc.se\/index.php?rest_route=\/wp\/v2\/users\/1"}],"replies":[{"embeddable":true,"href":"https:\/\/galtholmenmc.se\/index.php?rest_route=%2Fwp%2Fv2%2Fcomments&post=102"}],"version-history":[{"count":6,"href":"https:\/\/galtholmenmc.se\/index.php?rest_route=\/wp\/v2\/pages\/102\/revisions"}],"predecessor-version":[{"id":342,"href":"https:\/\/galtholmenmc.se\/index.php?rest_route=\/wp\/v2\/pages\/102\/revisions\/342"}],"wp:attachment":[{"href":"https:\/\/galtholmenmc.se\/index.php?rest_route=%2Fwp%2Fv2%2Fmedia&parent=102"}],"curies":[{"name":"wp","href":"https:\/\/api.w.org\/{rel}","templated":true}]}}