{"id":101,"date":"2017-03-07T11:37:22","date_gmt":"2017-03-07T11:37:22","guid":{"rendered":"http:\/\/galtholmenmc.se\/?page_id=101"},"modified":"2018-01-12T13:45:21","modified_gmt":"2018-01-12T13:45:21","slug":"mats-johansson","status":"publish","type":"page","link":"https:\/\/galtholmenmc.se\/?page_id=101","title":{"rendered":"Mats Johansson"},"content":{"rendered":"<p><img loading=\"lazy\" decoding=\"async\" class=\"wp-image-137 size-full alignleft\" src=\"http:\/\/galtholmenmc.se\/wp-content\/uploads\/2017\/03\/DSC_0059_beskuren.jpg\" alt=\"\" width=\"235\" height=\"480\" srcset=\"https:\/\/galtholmenmc.se\/wp-content\/uploads\/2017\/03\/DSC_0059_beskuren.jpg 235w, https:\/\/galtholmenmc.se\/wp-content\/uploads\/2017\/03\/DSC_0059_beskuren-147x300.jpg 147w\" sizes=\"auto, (max-width: 235px) 100vw, 235px\" \/><\/p>\n<h2><\/h2>\n<h2><\/h2>\n<h2><\/h2>\n<h2><\/h2>\n<h2><\/h2>\n<h2><\/h2>\n<h2><\/h2>\n<h2><\/h2>\n<h2><\/h2>\n<h2><\/h2>\n<p style=\"text-align: left;\"><strong>* 11 November 1962<\/strong><br \/>\n<strong> + 23 Februari 2017<\/strong><\/p>\n<p style=\"text-align: left;\">Sussie har f\u00f6rlorat sin \u00e4lskade make.<br \/>\nTv\u00e5 barn har f\u00f6rlorat sin \u00e4lskade pappa.<br \/>\nStrul Mc har f\u00f6rlorat en \u00e4lskad broder.<br \/>\nVi har f\u00f6rlorat en mycket god v\u00e4n.<\/p>\n<p style=\"text-align: left;\">Vi visste att du inte hade l\u00e4nge kvar Mats men idag n\u00e4r vi fick beskedet att du somnat in s\u00e5 gick \u00e4ndock luften ur oss.<br \/>\n\u00c4n en g\u00e5ng har en v\u00e4n l\u00e4mnat oss alldeles f\u00f6r tidigt. Det k\u00e4nns f\u00f6rbannat sorgligt och mycket, mycket or\u00e4ttvist, du var ju inte f\u00e4rdig med livet. Men vi kommer alltid minnas Dig som den h\u00e4rliga v\u00e4n du var.<\/p>\n<p style=\"text-align: left;\">Vi hoppas att du tar med dig hatten dit du far f\u00f6r d\u00e5 kan vi se dig p\u00e5 l\u00e5ngt h\u00e5ll n\u00e4r vi m\u00f6ts igen!<br \/>\nTack f\u00f6r att vi fick uppleva Dig. Vila i frid.<\/p>\n<p style=\"text-align: left;\">Vi s\u00e4nder de innerligaste kondoleanserna till Sussie, barnen och Strul Mcc. Vi t\u00e4nker p\u00e5 Er!<\/p>\n","protected":false},"excerpt":{"rendered":"<p>* 11 November 1962 + 23 Februari 2017 Sussie har f\u00f6rlorat sin \u00e4lskade make. Tv\u00e5 barn har f\u00f6rlorat sin \u00e4lskade pappa. Strul Mc har f\u00f6rlorat en \u00e4lskad broder. Vi har f\u00f6rlorat en mycket god v\u00e4n. Vi visste att du inte hade l\u00e4nge kvar Mats men idag n\u00e4r vi fick beskedet att du somnat in s\u00e5 [&hellip;]<\/p>\n","protected":false},"author":1,"featured_media":0,"parent":0,"menu_order":0,"comment_status":"closed","ping_status":"closed","template":"","meta":{"footnotes":""},"class_list":["post-101","page","type-page","status-publish","hentry"],"_links":{"self":[{"href":"https:\/\/galtholmenmc.se\/index.php?rest_route=\/wp\/v2\/pages\/101","targetHints":{"allow":["GET"]}}],"collection":[{"href":"https:\/\/galtholmenmc.se\/index.php?rest_route=\/wp\/v2\/pages"}],"about":[{"href":"https:\/\/galtholmenmc.se\/index.php?rest_route=\/wp\/v2\/types\/page"}],"author":[{"embeddable":true,"href":"https:\/\/galtholmenmc.se\/index.php?rest_route=\/wp\/v2\/users\/1"}],"replies":[{"embeddable":true,"href":"https:\/\/galtholmenmc.se\/index.php?rest_route=%2Fwp%2Fv2%2Fcomments&post=101"}],"version-history":[{"count":4,"href":"https:\/\/galtholmenmc.se\/index.php?rest_route=\/wp\/v2\/pages\/101\/revisions"}],"predecessor-version":[{"id":341,"href":"https:\/\/galtholmenmc.se\/index.php?rest_route=\/wp\/v2\/pages\/101\/revisions\/341"}],"wp:attachment":[{"href":"https:\/\/galtholmenmc.se\/index.php?rest_route=%2Fwp%2Fv2%2Fmedia&parent=101"}],"curies":[{"name":"wp","href":"https:\/\/api.w.org\/{rel}","templated":true}]}}