{"id":10,"date":"2016-03-28T18:34:21","date_gmt":"2016-03-28T18:34:21","guid":{"rendered":"http:\/\/galtholmenmc.se\/?page_id=10"},"modified":"2017-03-07T10:54:08","modified_gmt":"2017-03-07T10:54:08","slug":"hem","status":"publish","type":"page","link":"https:\/\/galtholmenmc.se\/","title":{"rendered":"Hem"},"content":{"rendered":"<p>V\u00e4lkommen till Galtholmen Mc!<br \/>\nH\u00e4r kommer vi att dela b\u00e5de stort och sm\u00e5tt och vi hoppas ni vill h\u00e4nga med lika mycket som ni gjorde p\u00e5 v\u00e5r gamla sida!<br \/>\nSidan kommer att ut\u00f6kas och utvecklas allt eftersom.<br \/>\nNu k\u00f6\u00f6\u00f6\u00f6\u00f6r vi!<\/p>\n","protected":false},"excerpt":{"rendered":"<p>V\u00e4lkommen till Galtholmen Mc! H\u00e4r kommer vi att dela b\u00e5de stort och sm\u00e5tt och vi hoppas ni vill h\u00e4nga med lika mycket som ni gjorde p\u00e5 v\u00e5r gamla sida! Sidan kommer att ut\u00f6kas och utvecklas allt eftersom. Nu k\u00f6\u00f6\u00f6\u00f6\u00f6r vi!<\/p>\n","protected":false},"author":1,"featured_media":0,"parent":0,"menu_order":0,"comment_status":"closed","ping_status":"closed","template":"","meta":{"footnotes":""},"class_list":["post-10","page","type-page","status-publish","hentry"],"_links":{"self":[{"href":"https:\/\/galtholmenmc.se\/index.php?rest_route=\/wp\/v2\/pages\/10","targetHints":{"allow":["GET"]}}],"collection":[{"href":"https:\/\/galtholmenmc.se\/index.php?rest_route=\/wp\/v2\/pages"}],"about":[{"href":"https:\/\/galtholmenmc.se\/index.php?rest_route=\/wp\/v2\/types\/page"}],"author":[{"embeddable":true,"href":"https:\/\/galtholmenmc.se\/index.php?rest_route=\/wp\/v2\/users\/1"}],"replies":[{"embeddable":true,"href":"https:\/\/galtholmenmc.se\/index.php?rest_route=%2Fwp%2Fv2%2Fcomments&post=10"}],"version-history":[{"count":4,"href":"https:\/\/galtholmenmc.se\/index.php?rest_route=\/wp\/v2\/pages\/10\/revisions"}],"predecessor-version":[{"id":81,"href":"https:\/\/galtholmenmc.se\/index.php?rest_route=\/wp\/v2\/pages\/10\/revisions\/81"}],"wp:attachment":[{"href":"https:\/\/galtholmenmc.se\/index.php?rest_route=%2Fwp%2Fv2%2Fmedia&parent=10"}],"curies":[{"name":"wp","href":"https:\/\/api.w.org\/{rel}","templated":true}]}}