{"id":3133,"date":"2025-03-25T21:07:33","date_gmt":"2025-03-25T21:07:33","guid":{"rendered":"https:\/\/galtholmenmc.se\/?page_id=3133"},"modified":"2025-03-25T21:31:28","modified_gmt":"2025-03-25T21:31:28","slug":"cribba-wetterskog","status":"publish","type":"page","link":"http:\/\/galtholmenmc.se\/?page_id=3133","title":{"rendered":"Christer Cribba Wetterskog"},"content":{"rendered":"<div class=\"wp-block-image\">\n<figure class=\"aligncenter size-full\"><img loading=\"lazy\" decoding=\"async\" width=\"461\" height=\"640\" src=\"https:\/\/galtholmenmc.se\/wp-content\/uploads\/2025\/03\/01-1.jpg\" alt=\"\" class=\"wp-image-3138\" srcset=\"http:\/\/galtholmenmc.se\/wp-content\/uploads\/2025\/03\/01-1.jpg 461w, http:\/\/galtholmenmc.se\/wp-content\/uploads\/2025\/03\/01-1-216x300.jpg 216w\" sizes=\"auto, (max-width: 461px) 100vw, 461px\" \/><\/figure>\n<\/div>\n\n\n<p><strong>*1954-07-26<\/strong><br><strong>+2025-03-04<\/strong><\/p>\n\n\n\n<p>Mannen, myten, legenden, han har k\u00f6rt vidare till en vackrare v\u00e4rld.<\/p>\n\n\n\n<p>Cribba Wetterskog var en av de ungdomar som var med och startade Galtholmen Mc i b\u00f6rjan p\u00e5 1980-talet. Han var en h\u00e4ngiven biker och anammade bikerlivet till fullo. Efter n\u00e5gra vilda \u00e5r gick sedan Galtholmen Mc p\u00e5 sparl\u00e5ga och Cribba valde d\u00e5 att s\u00f6ka in hos Yrsel Mc i Borl\u00e4nge d\u00e4r han sedan blev en mycket uppskattad medlem.<\/p>\n\n\n\n<p>\u00c4ven n\u00e4r Cribba h\u00e4ngt av sig v\u00e4sten f\u00f6r gott s\u00e5 gjorde han en del bes\u00f6k p\u00e5 Galtholmen Mc\u00b4s fester och han var alltid en uppskattad g\u00e4st som g\u00e4rna sl\u00e4ngde av sig tishan och rockade loss! <\/p>\n\n\n\n<p>Cribba fortsatte att skruva med och k\u00f6ra sin Harley D s\u00e5 l\u00e4nge det gick innan h\u00e4lsan satte stopp f\u00f6r hans passion. <\/p>\n\n\n\n<p><strong>Galtholmen Mc s\u00e4nder sina kondoleanser till br\u00f6derna Per, Kent och Kalle med familjer.<\/strong><\/p>\n\n\n\n<p><strong>Cribba! Du var en av grundstenarna till Galtholmen Mc\u00b4s existens och kommer s\u00e5 alltid att vara. TACK! <br>Vi gl\u00f6mmer dig aldrig!<\/strong><\/p>\n\n\n<div class=\"wp-block-image\">\n<figure class=\"aligncenter size-full\"><img loading=\"lazy\" decoding=\"async\" width=\"480\" height=\"709\" src=\"https:\/\/galtholmenmc.se\/wp-content\/uploads\/2025\/03\/02-1.jpg\" alt=\"\" class=\"wp-image-3140\" srcset=\"http:\/\/galtholmenmc.se\/wp-content\/uploads\/2025\/03\/02-1.jpg 480w, http:\/\/galtholmenmc.se\/wp-content\/uploads\/2025\/03\/02-1-203x300.jpg 203w\" sizes=\"auto, (max-width: 480px) 100vw, 480px\" \/><figcaption class=\"wp-element-caption\">Foto fr\u00e5n Cribbas 70-\u00e5rsfest sommaren 2024<\/figcaption><\/figure>\n<\/div>","protected":false},"excerpt":{"rendered":"<p>*1954-07-26+2025-03-04 Mannen, myten, legenden, han har k\u00f6rt vidare till en vackrare v\u00e4rld. Cribba Wetterskog var en av de ungdomar som var med och startade Galtholmen Mc i b\u00f6rjan p\u00e5 1980-talet. Han var en h\u00e4ngiven biker och anammade bikerlivet till fullo. Efter n\u00e5gra vilda \u00e5r gick sedan Galtholmen Mc p\u00e5 sparl\u00e5ga och Cribba valde d\u00e5 att [&hellip;]<\/p>\n","protected":false},"author":1,"featured_media":0,"parent":0,"menu_order":0,"comment_status":"closed","ping_status":"closed","template":"","meta":{"footnotes":""},"class_list":["post-3133","page","type-page","status-publish","hentry"],"_links":{"self":[{"href":"http:\/\/galtholmenmc.se\/index.php?rest_route=\/wp\/v2\/pages\/3133","targetHints":{"allow":["GET"]}}],"collection":[{"href":"http:\/\/galtholmenmc.se\/index.php?rest_route=\/wp\/v2\/pages"}],"about":[{"href":"http:\/\/galtholmenmc.se\/index.php?rest_route=\/wp\/v2\/types\/page"}],"author":[{"embeddable":true,"href":"http:\/\/galtholmenmc.se\/index.php?rest_route=\/wp\/v2\/users\/1"}],"replies":[{"embeddable":true,"href":"http:\/\/galtholmenmc.se\/index.php?rest_route=%2Fwp%2Fv2%2Fcomments&post=3133"}],"version-history":[{"count":5,"href":"http:\/\/galtholmenmc.se\/index.php?rest_route=\/wp\/v2\/pages\/3133\/revisions"}],"predecessor-version":[{"id":3142,"href":"http:\/\/galtholmenmc.se\/index.php?rest_route=\/wp\/v2\/pages\/3133\/revisions\/3142"}],"wp:attachment":[{"href":"http:\/\/galtholmenmc.se\/index.php?rest_route=%2Fwp%2Fv2%2Fmedia&parent=3133"}],"curies":[{"name":"wp","href":"https:\/\/api.w.org\/{rel}","templated":true}]}}