{"id":103,"date":"2017-03-07T11:37:22","date_gmt":"2017-03-07T11:37:22","guid":{"rendered":"http:\/\/galtholmenmc.se\/?page_id=103"},"modified":"2018-01-12T13:42:58","modified_gmt":"2018-01-12T13:42:58","slug":"tompa-hulting","status":"publish","type":"page","link":"http:\/\/galtholmenmc.se\/?page_id=103","title":{"rendered":"Tompa Hulting"},"content":{"rendered":"<p><img loading=\"lazy\" decoding=\"async\" class=\"wp-image-325 size-full alignleft\" src=\"http:\/\/galtholmenmc.se\/wp-content\/uploads\/2018\/01\/Tompa-WP.jpg\" alt=\"\" width=\"573\" height=\"800\" srcset=\"http:\/\/galtholmenmc.se\/wp-content\/uploads\/2018\/01\/Tompa-WP.jpg 573w, http:\/\/galtholmenmc.se\/wp-content\/uploads\/2018\/01\/Tompa-WP-215x300.jpg 215w\" sizes=\"auto, (max-width: 573px) 100vw, 573px\" \/><\/p>\n<h2><\/h2>\n<h2><\/h2>\n<h2><\/h2>\n<h2><\/h2>\n<h2><\/h2>\n<h2><\/h2>\n<h2><\/h2>\n<h2><\/h2>\n<h2><\/h2>\n<h2><\/h2>\n<h2><\/h2>\n<h2><\/h2>\n<h2><\/h2>\n<h2><\/h2>\n<h2><\/h2>\n<p style=\"text-align: left;\"><strong>* 19\/4-1963<\/strong><br \/>\n<strong> + 2\/9-2013<\/strong><\/p>\n<p>Vi har f\u00f6rlorat en mycket speciell v\u00e4n, en man av s\u00e4llan sk\u00e5dat slag. Tompa Hulting var medlem i Hydet Mc i m\u00e5nga \u00e5r innan han valde att ta av sig v\u00e4sten och flytta till Boppaland i Kramfors. Men han stod Hydet Mc n\u00e4ra \u00e4nda till sitt sista andetag. Tompa har \u00e4ven alltid h\u00e5llit Galtholmen Mc k\u00e4rt, n\u00e4r han kom upp till oss sa han: \u201dDet k\u00e4nns som att komma hem!\u201d och \u201dJag \u00e4r rik p\u00e5 v\u00e4nner!\u201d\u00a0 &amp; vet Du Tompa, vi \u00e4r ocks\u00e5 rika p\u00e5 v\u00e4nner, och du \u00e4r en del av v\u00e5r rikedom! En plats vid v\u00e5rat bord kommer f\u00f6r alltid att vara avsedd f\u00f6r Dig!<\/p>\n<p>\u00c4lskade Boppa.<br \/>\nTack f\u00f6r \u00e4ventyren, f\u00f6r galenskapen, f\u00f6r v\u00e4nskapen, f\u00f6r skratten, f\u00f6r de djupa samtalen, tack f\u00f6r allt.<br \/>\nI minnet Du lever<br \/>\nDu finns alltid kvar<br \/>\nI minnet vi ser Dig<br \/>\nPrecis som Du var<br \/>\nDu fattas oss<\/p>\n<p>Ride On p\u00e5 andra sidan kompis och m\u00f6t oss vid porten n\u00e4r det \u00e4r dags!<\/p>\n<p>&nbsp;<\/p>\n<p><img loading=\"lazy\" decoding=\"async\" class=\"wp-image-151 size-full alignleft\" src=\"http:\/\/galtholmenmc.se\/wp-content\/uploads\/2017\/03\/Begravning.jpg\" alt=\"\" width=\"428\" height=\"640\" srcset=\"http:\/\/galtholmenmc.se\/wp-content\/uploads\/2017\/03\/Begravning.jpg 428w, http:\/\/galtholmenmc.se\/wp-content\/uploads\/2017\/03\/Begravning-201x300.jpg 201w\" sizes=\"auto, (max-width: 428px) 100vw, 428px\" \/><\/p>\n","protected":false},"excerpt":{"rendered":"<p>* 19\/4-1963 + 2\/9-2013 Vi har f\u00f6rlorat en mycket speciell v\u00e4n, en man av s\u00e4llan sk\u00e5dat slag. Tompa Hulting var medlem i Hydet Mc i m\u00e5nga \u00e5r innan han valde att ta av sig v\u00e4sten och flytta till Boppaland i Kramfors. Men han stod Hydet Mc n\u00e4ra \u00e4nda till sitt sista andetag. Tompa har \u00e4ven [&hellip;]<\/p>\n","protected":false},"author":1,"featured_media":0,"parent":0,"menu_order":0,"comment_status":"closed","ping_status":"closed","template":"","meta":{"footnotes":""},"class_list":["post-103","page","type-page","status-publish","hentry"],"_links":{"self":[{"href":"http:\/\/galtholmenmc.se\/index.php?rest_route=\/wp\/v2\/pages\/103","targetHints":{"allow":["GET"]}}],"collection":[{"href":"http:\/\/galtholmenmc.se\/index.php?rest_route=\/wp\/v2\/pages"}],"about":[{"href":"http:\/\/galtholmenmc.se\/index.php?rest_route=\/wp\/v2\/types\/page"}],"author":[{"embeddable":true,"href":"http:\/\/galtholmenmc.se\/index.php?rest_route=\/wp\/v2\/users\/1"}],"replies":[{"embeddable":true,"href":"http:\/\/galtholmenmc.se\/index.php?rest_route=%2Fwp%2Fv2%2Fcomments&post=103"}],"version-history":[{"count":10,"href":"http:\/\/galtholmenmc.se\/index.php?rest_route=\/wp\/v2\/pages\/103\/revisions"}],"predecessor-version":[{"id":339,"href":"http:\/\/galtholmenmc.se\/index.php?rest_route=\/wp\/v2\/pages\/103\/revisions\/339"}],"wp:attachment":[{"href":"http:\/\/galtholmenmc.se\/index.php?rest_route=%2Fwp%2Fv2%2Fmedia&parent=103"}],"curies":[{"name":"wp","href":"https:\/\/api.w.org\/{rel}","templated":true}]}}